{"id":15644,"date":"2023-11-29T11:10:23","date_gmt":"2023-11-29T10:10:23","guid":{"rendered":"https:\/\/shop.golf-direkt.com\/?post_type=product&#038;p=15644"},"modified":"2025-11-04T17:08:46","modified_gmt":"2025-11-04T16:08:46","slug":"callaway-rogue-st-max-fairway-woods-herren","status":"publish","type":"product","link":"https:\/\/dev-wordpress1.golf-direkt.com\/en\/shop\/hardware-en\/schlaeger-en\/callaway-rogue-st-max-fairway-woods-herren\/","title":{"rendered":"Fairway Wood #5 Callaway Rogue ST MAX Herren"},"content":{"rendered":"<p>Rechtshand | Schaft GRAPHIT | REGULAR FLEX | L\u00e4nge STANDARD<\/p>\n","protected":false},"excerpt":{"rendered":"<p>Das Rogue ST MAX Fairway-Holz ist f\u00fcr eine gro\u00dfe Bandbreite an Spielern geeignet, die sich Geschwindigkeit, Fehlerverzeihung und eine Allround-Performance w\u00fcnschen. Es bietet einen mittleren Abschlag mit einem leichten Draw Bias. Das MAX Modell verf\u00fcgt \u00fcber eine neue progressive Form, die eine gro\u00dfe Bandbreite von Golfern anspricht.<\/p>\n","protected":false},"featured_media":12743,"template":"","meta":[],"product_brand":[],"product_cat":[68,72],"product_tag":[547,572],"class_list":{"0":"post-15644","1":"product","2":"type-product","3":"status-publish","4":"has-post-thumbnail","6":"product_cat-bestof","7":"product_cat-schlaeger","8":"product_tag-callaway","9":"product_tag-golfschlaeger","10":"product_shipping_class-sperrgut","12":"first","13":"instock","14":"sale","15":"shipping-taxable","16":"purchasable","17":"product-type-simple"},"bundled_by":[],"bundle_stock_status":"instock","bundle_stock_quantity":1,"bundle_virtual":false,"bundle_layout":"","bundle_add_to_cart_form_location":"","bundle_editable_in_cart":false,"bundle_sold_individually_context":"","bundle_item_grouping":"","bundle_min_size":"","bundle_max_size":"","bundle_price":[],"bundled_items":[],"bundle_sell_ids":[],"exclude_global_add_ons":[],"addons":[],"_links":{"self":[{"href":"https:\/\/dev-wordpress1.golf-direkt.com\/en\/wp-json\/wp\/v2\/product\/15644","targetHints":{"allow":["GET"]}}],"collection":[{"href":"https:\/\/dev-wordpress1.golf-direkt.com\/en\/wp-json\/wp\/v2\/product"}],"about":[{"href":"https:\/\/dev-wordpress1.golf-direkt.com\/en\/wp-json\/wp\/v2\/types\/product"}],"wp:featuredmedia":[{"embeddable":true,"href":"https:\/\/dev-wordpress1.golf-direkt.com\/en\/wp-json\/wp\/v2\/media\/12743"}],"wp:attachment":[{"href":"https:\/\/dev-wordpress1.golf-direkt.com\/en\/wp-json\/wp\/v2\/media?parent=15644"}],"wp:term":[{"taxonomy":"product_brand","embeddable":true,"href":"https:\/\/dev-wordpress1.golf-direkt.com\/en\/wp-json\/wp\/v2\/product_brand?post=15644"},{"taxonomy":"product_cat","embeddable":true,"href":"https:\/\/dev-wordpress1.golf-direkt.com\/en\/wp-json\/wp\/v2\/product_cat?post=15644"},{"taxonomy":"product_tag","embeddable":true,"href":"https:\/\/dev-wordpress1.golf-direkt.com\/en\/wp-json\/wp\/v2\/product_tag?post=15644"}],"curies":[{"name":"wp","href":"https:\/\/api.w.org\/{rel}","templated":true}]}}