{"id":15451,"date":"2023-10-20T14:43:39","date_gmt":"2023-10-20T12:43:39","guid":{"rendered":"https:\/\/shop.golf-direkt.com\/?post_type=product&#038;p=15451"},"modified":"2026-03-09T09:03:35","modified_gmt":"2026-03-09T08:03:35","slug":"greenfee-golf-livada","status":"publish","type":"product","link":"https:\/\/dev-wordpress1.golf-direkt.com\/en\/shop\/get-your-greenfee-en\/greenfee-golf-livada\/","title":{"rendered":"Greenfee Golf Livada Moravske Toplice"},"content":{"rendered":"<p>Golfgen\u00fcsse bei den Thermalquellen der Terme 3000<br \/>\nGolfliebhaber, setzen Sie sich auf dem Golf-Platz Livada mit dem l\u00e4ngsten Loch in Slowenien auseinander! Die Golf-Herausforderung ist aber nicht die einzige Sache, die Sie begeistern wird. Sicherlich bezaubern Sie auch die endlosen gr\u00fcnen Ebenen von Prekmurje. Vereinen Sie das Golfspiel mit der Erholung im F\u00fcnfsternehotel Livada, das sich direkt am Golfplatz befindet.<\/p>\n<p>Golf Livada &#8211; Terme 3000 Moravske Toplice<br \/>\nKranjceva 12<br \/>\nSI-9226 Moravske Toplice<br \/>\nSlowenien<\/p>\n","protected":false},"excerpt":{"rendered":"<p>Greenfee f\u00fcr Golf Livada &#8211; Terme 3000 Moravske Toplice (Slowenien), 18 Loch; g\u00fcltig an allen Tagen; einl\u00f6sbar 2 Jahre ab Kaufdatum.<br \/>\nVerkauf im Auftrag des Golf Livada &#8211; Terme 3000 Moravske Toplice<\/p>\n","protected":false},"featured_media":15456,"template":"","meta":[],"product_brand":[],"product_cat":[58],"product_tag":[128,129,131,622],"class_list":{"0":"post-15451","1":"product","2":"type-product","3":"status-publish","4":"has-post-thumbnail","6":"product_cat-greenfee","7":"product_tag-greenfee","8":"product_tag-golfclub","9":"product_tag-greenfeegutschein","10":"product_tag-slowenien","12":"first","13":"instock","14":"sale","15":"virtual","16":"purchasable","17":"product-type-simple"},"bundled_by":[],"bundle_stock_status":"instock","bundle_stock_quantity":18,"bundle_virtual":false,"bundle_layout":"","bundle_add_to_cart_form_location":"","bundle_editable_in_cart":false,"bundle_sold_individually_context":"","bundle_item_grouping":"","bundle_min_size":"","bundle_max_size":"","bundle_price":[],"bundled_items":[],"bundle_sell_ids":[],"exclude_global_add_ons":[],"addons":[],"_links":{"self":[{"href":"https:\/\/dev-wordpress1.golf-direkt.com\/en\/wp-json\/wp\/v2\/product\/15451","targetHints":{"allow":["GET"]}}],"collection":[{"href":"https:\/\/dev-wordpress1.golf-direkt.com\/en\/wp-json\/wp\/v2\/product"}],"about":[{"href":"https:\/\/dev-wordpress1.golf-direkt.com\/en\/wp-json\/wp\/v2\/types\/product"}],"wp:featuredmedia":[{"embeddable":true,"href":"https:\/\/dev-wordpress1.golf-direkt.com\/en\/wp-json\/wp\/v2\/media\/15456"}],"wp:attachment":[{"href":"https:\/\/dev-wordpress1.golf-direkt.com\/en\/wp-json\/wp\/v2\/media?parent=15451"}],"wp:term":[{"taxonomy":"product_brand","embeddable":true,"href":"https:\/\/dev-wordpress1.golf-direkt.com\/en\/wp-json\/wp\/v2\/product_brand?post=15451"},{"taxonomy":"product_cat","embeddable":true,"href":"https:\/\/dev-wordpress1.golf-direkt.com\/en\/wp-json\/wp\/v2\/product_cat?post=15451"},{"taxonomy":"product_tag","embeddable":true,"href":"https:\/\/dev-wordpress1.golf-direkt.com\/en\/wp-json\/wp\/v2\/product_tag?post=15451"}],"curies":[{"name":"wp","href":"https:\/\/api.w.org\/{rel}","templated":true}]}}