{"id":15250,"date":"2023-09-21T12:45:02","date_gmt":"2023-09-21T10:45:02","guid":{"rendered":"https:\/\/shop.golf-direkt.com\/?post_type=product&#038;p=15250"},"modified":"2025-12-16T09:52:39","modified_gmt":"2025-12-16T08:52:39","slug":"greenfee-golfclub-schloss-frauenthal","status":"publish","type":"product","link":"https:\/\/dev-wordpress1.golf-direkt.com\/en\/shop\/get-your-greenfee-en\/greenfee-golfclub-schloss-frauenthal\/","title":{"rendered":"Greenfee Golfclub Schlo\u00df Frauenthal"},"content":{"rendered":"<h3>WIR SIND ANDERS \u2013 Golfclub Schlo\u00df Frauenthal<\/h3>\n<p>DAS GOLFERLEBNIS IN DER STEIERMARK &#8211; GOLFGENUSS PUR IM SCHILCHERLAND!<br \/>\nGolfen Sie durch den Schlosspark und die weststeirische H\u00fcgellandschaft mit traumhaftem Ausblick auf die Schilcherstadt Deutschlandsberg und das Schilcherland.<\/p>\n<p>GOLFCLUB SCHLOSS FRAUENTHAL<br \/>\nUlrichsberg 7<br \/>\nA-8530 Deutschlandsberg<br \/>\nAUSTRIA<br \/>\nTel.: <a href=\"tel:+4334625717\" target=\"_blank\" rel=\"noopener noreferrer\">+43 3462 5717<\/a><br \/>\nE-Mail: <a href=\"mailto:office@gcfrauenthal.at\" target=\"_blank\" rel=\"noopener noreferrer\">office@gcfrauenthal.at<\/a><\/p>\n","protected":false},"excerpt":{"rendered":"<p>Greenfee f\u00fcr GC Scho\u00df Frauenthal (Steiermark), 18 Loch Kurs; g\u00fcltig an allen Tagen; einl\u00f6sbar 2 Jahre ab Kaufdatum.<br \/>\nVerkauf im Auftrag des GC Schlo\u00df Frauenthal<\/p>\n","protected":false},"featured_media":15255,"template":"","meta":[],"product_brand":[],"product_cat":[58],"product_tag":[128,129,131,438,574],"class_list":{"0":"post-15250","1":"product","2":"type-product","3":"status-publish","4":"has-post-thumbnail","6":"product_cat-greenfee","7":"product_tag-greenfee","8":"product_tag-golfclub","9":"product_tag-greenfeegutschein","10":"product_tag-steiermark","11":"product_tag-oesterreich","13":"first","14":"instock","15":"sale","16":"virtual","17":"purchasable","18":"product-type-simple"},"bundled_by":[],"bundle_stock_status":"instock","bundle_stock_quantity":22,"bundle_virtual":false,"bundle_layout":"","bundle_add_to_cart_form_location":"","bundle_editable_in_cart":false,"bundle_sold_individually_context":"","bundle_item_grouping":"","bundle_min_size":"","bundle_max_size":"","bundle_price":[],"bundled_items":[],"bundle_sell_ids":[],"exclude_global_add_ons":[],"addons":[],"_links":{"self":[{"href":"https:\/\/dev-wordpress1.golf-direkt.com\/en\/wp-json\/wp\/v2\/product\/15250","targetHints":{"allow":["GET"]}}],"collection":[{"href":"https:\/\/dev-wordpress1.golf-direkt.com\/en\/wp-json\/wp\/v2\/product"}],"about":[{"href":"https:\/\/dev-wordpress1.golf-direkt.com\/en\/wp-json\/wp\/v2\/types\/product"}],"wp:featuredmedia":[{"embeddable":true,"href":"https:\/\/dev-wordpress1.golf-direkt.com\/en\/wp-json\/wp\/v2\/media\/15255"}],"wp:attachment":[{"href":"https:\/\/dev-wordpress1.golf-direkt.com\/en\/wp-json\/wp\/v2\/media?parent=15250"}],"wp:term":[{"taxonomy":"product_brand","embeddable":true,"href":"https:\/\/dev-wordpress1.golf-direkt.com\/en\/wp-json\/wp\/v2\/product_brand?post=15250"},{"taxonomy":"product_cat","embeddable":true,"href":"https:\/\/dev-wordpress1.golf-direkt.com\/en\/wp-json\/wp\/v2\/product_cat?post=15250"},{"taxonomy":"product_tag","embeddable":true,"href":"https:\/\/dev-wordpress1.golf-direkt.com\/en\/wp-json\/wp\/v2\/product_tag?post=15250"}],"curies":[{"name":"wp","href":"https:\/\/api.w.org\/{rel}","templated":true}]}}