{"id":14585,"date":"2023-06-07T15:10:37","date_gmt":"2023-06-07T13:10:37","guid":{"rendered":"https:\/\/shop.golf-direkt.com\/?post_type=product&#038;p=14585"},"modified":"2025-12-01T13:49:36","modified_gmt":"2025-12-01T12:49:36","slug":"greenfee-golf-club-ca-amata","status":"publish","type":"product","link":"https:\/\/dev-wordpress1.golf-direkt.com\/en\/shop\/get-your-greenfee-en\/greenfee-golf-club-ca-amata\/","title":{"rendered":"Greenfee Golf Club C\u00e0 Amata"},"content":{"rendered":"<p>GOLF IN DER ROMANTISCHEN ATMOSPH\u00c4RE DES 18. JAHRHUNDERTS<br \/>\nDer Golfplatz befindet sich innerhalb der Parkanlage der Villa C\u00e0 Amata. Die Villa ist eines der sch\u00f6nsten Beispiele der venetischen Architektur des 18. Jahrhunderts und steht \u2013 ebenso wie der gesamte Parkbereich \u2013 unter Denkmalschutz.Besondere Sorgfalt bei der Anlage des Golfplatzes galt der Bepflanzung, die den bezaubernden Gesamteindruck der Villa unterst\u00fctzt.Der gro\u00dfe Wasserreichtum in dieser Region erlaubte die Anlage eines reizvollen Teich- und Kanalsystems, in das elf der achtzehn L\u00f6cher einbezogen sind.<\/p>\n<p>Website: <a href=\"http:\/\/www.golfcaamata.it\/de\/\" target=\"_blank\" rel=\"noopener noreferrer\">www.golfcaamata.it\/de\/<\/a><\/p>\n<p>GOLF CLUB Ca\u2019Amata<br \/>\nVia Loreggia Salvarosa 44<br \/>\n31033 Castel V.to (TV) Italien<\/p>\n","protected":false},"excerpt":{"rendered":"<p>Greenfee f\u00fcr Golf Club C\u00e0 Amata (Italien), 18 Loch; g\u00fcltig an allen Tagen; einl\u00f6sbar 2 Jahre ab Kaufdatum.<br \/>\nVerkauf im Auftrag des Golf Club C\u00e0 Amata<\/p>\n","protected":false},"featured_media":14592,"template":"","meta":[],"product_brand":[],"product_cat":[58],"product_tag":[128,129,131,616],"class_list":{"0":"post-14585","1":"product","2":"type-product","3":"status-publish","4":"has-post-thumbnail","6":"product_cat-greenfee","7":"product_tag-greenfee","8":"product_tag-golfclub","9":"product_tag-greenfeegutschein","10":"product_tag-italien","12":"first","13":"instock","14":"sale","15":"virtual","16":"purchasable","17":"product-type-simple"},"bundled_by":[],"bundle_stock_status":"instock","bundle_stock_quantity":15,"bundle_virtual":false,"bundle_layout":"","bundle_add_to_cart_form_location":"","bundle_editable_in_cart":false,"bundle_sold_individually_context":"","bundle_item_grouping":"","bundle_min_size":"","bundle_max_size":"","bundle_price":[],"bundled_items":[],"bundle_sell_ids":[],"exclude_global_add_ons":[],"addons":[],"_links":{"self":[{"href":"https:\/\/dev-wordpress1.golf-direkt.com\/en\/wp-json\/wp\/v2\/product\/14585","targetHints":{"allow":["GET"]}}],"collection":[{"href":"https:\/\/dev-wordpress1.golf-direkt.com\/en\/wp-json\/wp\/v2\/product"}],"about":[{"href":"https:\/\/dev-wordpress1.golf-direkt.com\/en\/wp-json\/wp\/v2\/types\/product"}],"wp:featuredmedia":[{"embeddable":true,"href":"https:\/\/dev-wordpress1.golf-direkt.com\/en\/wp-json\/wp\/v2\/media\/14592"}],"wp:attachment":[{"href":"https:\/\/dev-wordpress1.golf-direkt.com\/en\/wp-json\/wp\/v2\/media?parent=14585"}],"wp:term":[{"taxonomy":"product_brand","embeddable":true,"href":"https:\/\/dev-wordpress1.golf-direkt.com\/en\/wp-json\/wp\/v2\/product_brand?post=14585"},{"taxonomy":"product_cat","embeddable":true,"href":"https:\/\/dev-wordpress1.golf-direkt.com\/en\/wp-json\/wp\/v2\/product_cat?post=14585"},{"taxonomy":"product_tag","embeddable":true,"href":"https:\/\/dev-wordpress1.golf-direkt.com\/en\/wp-json\/wp\/v2\/product_tag?post=14585"}],"curies":[{"name":"wp","href":"https:\/\/api.w.org\/{rel}","templated":true}]}}