{"id":14514,"date":"2023-05-25T16:28:00","date_gmt":"2023-05-25T14:28:00","guid":{"rendered":"https:\/\/shop.golf-direkt.com\/?post_type=product&#038;p=14514"},"modified":"2025-12-01T13:58:46","modified_gmt":"2025-12-01T12:58:46","slug":"greenfee-golfclub-lungau-katschberg","status":"publish","type":"product","link":"https:\/\/dev-wordpress1.golf-direkt.com\/en\/shop\/get-your-greenfee-en\/greenfee-golfclub-lungau-katschberg\/","title":{"rendered":"Greenfee Golfclub Lungau-Katschberg"},"content":{"rendered":"<p>Umrahmt von der spektakul\u00e4ren Gebirgslandschaft des Salzburger Lungaus, liegt unsere 18-Loch-Anlage im flachen Tal der Mur. Der Platz wurde vom Golfplatzdesigner Keith Preston perfekt in die bestehende Landschaft integriert. Die Mur f\u00fcgt sich harmonisch in das Gesamtbild des Platzes ein und stellt so manchen Spieler vor eine Herausforderung. Ebene Fairways mit nat\u00fcrlichen Hindernissen er\u00f6ffnen Ihnen pures Golfvergn\u00fcgen auf 1.050 m Seeh\u00f6he. Zu Recht gilt dieser Platz als einer der sch\u00f6nsten und anspruchsvollsten des Landes.<\/p>\n<p>Vertragspartner:<br \/>\nLungau &#8211; Katschberg Golf\u00adgesellschaft m.b.H.<br \/>\nFeldnergasse 165<br \/>\n5582 St. Michael im Lungau<br \/>\n\u00d6sterreich<br \/>\nTel.: +43 6477 7448<br \/>\nE-Mail: <a href=\"mailto:gclungau@golf.at\" target=\"_blank\" rel=\"noopener noreferrer\">gclungau@golf.at<\/a><\/p>\n","protected":false},"excerpt":{"rendered":"<p>Greenfee f\u00fcr Golfclub Lungau-Katschberg (Salzburg), 18 Loch; einl\u00f6sbar 2 Jahre ab Kaufdatum.<\/p>\n","protected":false},"featured_media":14515,"template":"","meta":[],"product_brand":[],"product_cat":[58],"product_tag":[128,129,131,436,574],"class_list":{"0":"post-14514","1":"product","2":"type-product","3":"status-publish","4":"has-post-thumbnail","6":"product_cat-greenfee","7":"product_tag-greenfee","8":"product_tag-golfclub","9":"product_tag-greenfeegutschein","10":"product_tag-salzburg","11":"product_tag-oesterreich","13":"first","14":"instock","15":"sale","16":"virtual","17":"purchasable","18":"product-type-simple"},"bundled_by":[],"bundle_stock_status":"instock","bundle_stock_quantity":5,"bundle_virtual":false,"bundle_layout":"","bundle_add_to_cart_form_location":"","bundle_editable_in_cart":false,"bundle_sold_individually_context":"","bundle_item_grouping":"","bundle_min_size":"","bundle_max_size":"","bundle_price":[],"bundled_items":[],"bundle_sell_ids":[],"exclude_global_add_ons":[],"addons":[],"_links":{"self":[{"href":"https:\/\/dev-wordpress1.golf-direkt.com\/en\/wp-json\/wp\/v2\/product\/14514","targetHints":{"allow":["GET"]}}],"collection":[{"href":"https:\/\/dev-wordpress1.golf-direkt.com\/en\/wp-json\/wp\/v2\/product"}],"about":[{"href":"https:\/\/dev-wordpress1.golf-direkt.com\/en\/wp-json\/wp\/v2\/types\/product"}],"wp:featuredmedia":[{"embeddable":true,"href":"https:\/\/dev-wordpress1.golf-direkt.com\/en\/wp-json\/wp\/v2\/media\/14515"}],"wp:attachment":[{"href":"https:\/\/dev-wordpress1.golf-direkt.com\/en\/wp-json\/wp\/v2\/media?parent=14514"}],"wp:term":[{"taxonomy":"product_brand","embeddable":true,"href":"https:\/\/dev-wordpress1.golf-direkt.com\/en\/wp-json\/wp\/v2\/product_brand?post=14514"},{"taxonomy":"product_cat","embeddable":true,"href":"https:\/\/dev-wordpress1.golf-direkt.com\/en\/wp-json\/wp\/v2\/product_cat?post=14514"},{"taxonomy":"product_tag","embeddable":true,"href":"https:\/\/dev-wordpress1.golf-direkt.com\/en\/wp-json\/wp\/v2\/product_tag?post=14514"}],"curies":[{"name":"wp","href":"https:\/\/api.w.org\/{rel}","templated":true}]}}