{"id":14507,"date":"2023-05-25T13:13:28","date_gmt":"2023-05-25T11:13:28","guid":{"rendered":"https:\/\/shop.golf-direkt.com\/?post_type=product&#038;p=14507"},"modified":"2025-12-01T13:53:21","modified_gmt":"2025-12-01T12:53:21","slug":"greenfee-golfclub-schoenfeld","status":"publish","type":"product","link":"https:\/\/dev-wordpress1.golf-direkt.com\/en\/shop\/get-your-greenfee-en\/greenfee-golfclub-schoenfeld\/","title":{"rendered":"Greenfee Golfclub Sch\u00f6nfeld"},"content":{"rendered":"<p>Der Golfclub Sch\u00f6nfeld bietet Ihnen einen sch\u00f6nen, v\u00f6llig unkomplizierten und den g\u00fcnstigsten Einstieg in den Golfsport. Durch das sportlich herausfordernde aber auch f\u00fcr Anf\u00e4nger fair zu spielende Layout, k\u00f6nnen Golfer vom Beginner bis zum Scratch-Spieler einen herrlichen Golftag genie\u00dfen.<\/p>\n<p>F\u00fcr den \u201eChampionship-Course\u201c des GC Sch\u00f6nfeld ist der Vorweis einer g\u00fcltigen Mitgliedskarte eines ordentlichen Golfclubs notwendig.<\/p>\n<p>Webseite des Golfclubs: <a title=\"GC Donau\" href=\"http:\/\/gcschoenfeld.at\/\/\" target=\"_blank\" rel=\"noopener noreferrer\">www.gcschoenfeld.at<\/a><\/p>\n<p>Vertragspartner:<br \/>\nGolf Point GmbH<br \/>\nAm Golfplatz 1<br \/>\n2291 Sch\u00f6nfeld<br \/>\n\u00d6sterreich<br \/>\nTel.: +43 2213 20630<br \/>\nE-Mail: <a href=\"mailto:office@gcschoenfeld.at\" target=\"_blank\" rel=\"noopener noreferrer\">office@gcschoenfeld.at<\/a><\/p>\n","protected":false},"excerpt":{"rendered":"<p>Greenfee f\u00fcr Golfclub Sch\u00f6nfeld (Nieder\u00f6sterreich), 18 Loch; einl\u00f6sbar 2 Jahre ab Kaufdatum.<\/p>\n","protected":false},"featured_media":14510,"template":"","meta":[],"product_brand":[],"product_cat":[58],"product_tag":[128,129,131,440,574],"class_list":{"0":"post-14507","1":"product","2":"type-product","3":"status-publish","4":"has-post-thumbnail","6":"product_cat-greenfee","7":"product_tag-greenfee","8":"product_tag-golfclub","9":"product_tag-greenfeegutschein","10":"product_tag-niederoesterreich","11":"product_tag-oesterreich","13":"first","14":"instock","15":"sale","16":"virtual","17":"purchasable","18":"product-type-simple"},"bundled_by":[],"bundle_stock_status":"instock","bundle_stock_quantity":9,"bundle_virtual":false,"bundle_layout":"","bundle_add_to_cart_form_location":"","bundle_editable_in_cart":false,"bundle_sold_individually_context":"","bundle_item_grouping":"","bundle_min_size":"","bundle_max_size":"","bundle_price":[],"bundled_items":[],"bundle_sell_ids":[],"exclude_global_add_ons":[],"addons":[],"_links":{"self":[{"href":"https:\/\/dev-wordpress1.golf-direkt.com\/en\/wp-json\/wp\/v2\/product\/14507","targetHints":{"allow":["GET"]}}],"collection":[{"href":"https:\/\/dev-wordpress1.golf-direkt.com\/en\/wp-json\/wp\/v2\/product"}],"about":[{"href":"https:\/\/dev-wordpress1.golf-direkt.com\/en\/wp-json\/wp\/v2\/types\/product"}],"wp:featuredmedia":[{"embeddable":true,"href":"https:\/\/dev-wordpress1.golf-direkt.com\/en\/wp-json\/wp\/v2\/media\/14510"}],"wp:attachment":[{"href":"https:\/\/dev-wordpress1.golf-direkt.com\/en\/wp-json\/wp\/v2\/media?parent=14507"}],"wp:term":[{"taxonomy":"product_brand","embeddable":true,"href":"https:\/\/dev-wordpress1.golf-direkt.com\/en\/wp-json\/wp\/v2\/product_brand?post=14507"},{"taxonomy":"product_cat","embeddable":true,"href":"https:\/\/dev-wordpress1.golf-direkt.com\/en\/wp-json\/wp\/v2\/product_cat?post=14507"},{"taxonomy":"product_tag","embeddable":true,"href":"https:\/\/dev-wordpress1.golf-direkt.com\/en\/wp-json\/wp\/v2\/product_tag?post=14507"}],"curies":[{"name":"wp","href":"https:\/\/api.w.org\/{rel}","templated":true}]}}