{"id":14179,"date":"2023-04-25T10:31:06","date_gmt":"2023-04-25T08:31:06","guid":{"rendered":"https:\/\/shop.golf-direkt.com\/?post_type=product&#038;p=14179"},"modified":"2025-12-14T20:42:24","modified_gmt":"2025-12-14T19:42:24","slug":"handschuh-herren-callaway-syntech-1-pack","status":"publish","type":"product","link":"https:\/\/dev-wordpress1.golf-direkt.com\/en\/shop\/hardware-en\/accessories-en\/handschuh-herren-callaway-syntech-1-pack\/","title":{"rendered":"Handschuh Callaway Syntech Herren (1-Pack)"},"content":{"rendered":"<p>Premium Allwetter-Gloves von Callaway mit \u00e4u\u00dferst weichem Tragegef\u00fchl. 1 St\u00fcck Packung f\u00fcr Rechtsh\u00e4nder, f\u00fcr die linke Hand, erh\u00e4ltlich in verschiedenen Gr\u00f6\u00dfen (Herren\/Men&#8217;s), Farbe: Wei\u00df mit schwarzen Akzenten, inkl. magnetischer Ballmarker.<\/p>\n<ul>\n<li>Premium Digitized Synthetic Leather Palm \u2013 Provides better grip and feel with the club.<\/li>\n<li>Opti Flex Stretch Suede Material on Back of Hand \u2013 For improved fit, feel &amp; increased flexibility.<\/li>\n<li>X-Spann Material \u2013 Moisture wicking, breathability and flexibility<\/li>\n<li>Reinforced Palm Patches \u2013 Improved grip &amp; durability in all weather conditions<\/li>\n<li>Perforations on Fingers &amp; Thumb \u2013 Moisture reduction &amp; increased breathability<\/li>\n<li>Opti Fit Adjustable Closure \u2013 Thin, light and secure fit<\/li>\n<li>Stretch Binding Cuff \u2013 Secure feel &amp; moisture absorption<\/li>\n<li>Callaway-branded Magnetic Ball Marker<\/li>\n<\/ul>\n","protected":false},"excerpt":{"rendered":"<p>Premium Allwetter-Gloves von Callaway mit \u00e4u\u00dferst weichem Tragegef\u00fchl. 1 St\u00fcck Packung f\u00fcr Rechtsh\u00e4nder (= linker Handschuh) erh\u00e4ltlich in verschiedenen Gr\u00f6\u00dfen (Herren\/Men&#8217;s), Farbe: Wei\u00df mit schwarzen Akzenten, inkl. magnetischer Ballmarker.<\/p>\n","protected":false},"featured_media":14181,"template":"","meta":[],"product_brand":[],"product_cat":[68,76],"product_tag":[600,547],"class_list":{"0":"post-14179","1":"product","2":"type-product","3":"status-publish","4":"has-post-thumbnail","6":"product_cat-bestof","7":"product_cat-zubehoer","8":"product_tag-handschuh","9":"product_tag-callaway","10":"product_shipping_class-versandtasche-leicht","11":"pa_groesse-bekleidung-1-groesse-m-l","12":"pa_groesse-bekleidung-1-groesse-m","13":"pa_groesse-bekleidung-1-groesse-l","15":"first","16":"instock","17":"sale","18":"shipping-taxable","19":"purchasable","20":"product-type-variable"},"bundled_by":[],"bundle_stock_status":"instock","bundle_stock_quantity":null,"bundle_virtual":false,"bundle_layout":"","bundle_add_to_cart_form_location":"","bundle_editable_in_cart":false,"bundle_sold_individually_context":"","bundle_item_grouping":"","bundle_min_size":"","bundle_max_size":"","bundle_price":[],"bundled_items":[],"bundle_sell_ids":[],"exclude_global_add_ons":[],"addons":[],"_links":{"self":[{"href":"https:\/\/dev-wordpress1.golf-direkt.com\/en\/wp-json\/wp\/v2\/product\/14179","targetHints":{"allow":["GET"]}}],"collection":[{"href":"https:\/\/dev-wordpress1.golf-direkt.com\/en\/wp-json\/wp\/v2\/product"}],"about":[{"href":"https:\/\/dev-wordpress1.golf-direkt.com\/en\/wp-json\/wp\/v2\/types\/product"}],"wp:featuredmedia":[{"embeddable":true,"href":"https:\/\/dev-wordpress1.golf-direkt.com\/en\/wp-json\/wp\/v2\/media\/14181"}],"wp:attachment":[{"href":"https:\/\/dev-wordpress1.golf-direkt.com\/en\/wp-json\/wp\/v2\/media?parent=14179"}],"wp:term":[{"taxonomy":"product_brand","embeddable":true,"href":"https:\/\/dev-wordpress1.golf-direkt.com\/en\/wp-json\/wp\/v2\/product_brand?post=14179"},{"taxonomy":"product_cat","embeddable":true,"href":"https:\/\/dev-wordpress1.golf-direkt.com\/en\/wp-json\/wp\/v2\/product_cat?post=14179"},{"taxonomy":"product_tag","embeddable":true,"href":"https:\/\/dev-wordpress1.golf-direkt.com\/en\/wp-json\/wp\/v2\/product_tag?post=14179"}],"curies":[{"name":"wp","href":"https:\/\/api.w.org\/{rel}","templated":true}]}}