{"id":132,"date":"2016-01-27T12:29:05","date_gmt":"2016-01-27T11:29:05","guid":{"rendered":"http:\/\/localhost\/wpshop-live-1\/shop\/home\/greenfee\/greenfee-golfclub-drautal-berg\/"},"modified":"2025-10-14T10:12:54","modified_gmt":"2025-10-14T08:12:54","slug":"greenfee-golfclub-drautal-berg","status":"publish","type":"product","link":"https:\/\/dev-wordpress1.golf-direkt.com\/en\/shop\/get-your-greenfee-en\/greenfee-golfclub-drautal-berg\/","title":{"rendered":"Greenfee Golfclub Drautal-Berg"},"content":{"rendered":"<p>Alle, die einmal in Berg gespielt haben, wissen diese top gepflegte und zu den sch\u00f6nsten 9-Loch-Pl\u00e4tzen \u00d6sterreichs z\u00e4hlende Anlage zu sch\u00e4tzen. Direkt neben dem Platz flie\u00dft die Drau, die optimal ins Spiel eingebunden wurde. Die abwechslungsreichen Fairways bieten auch\u00a0Golfern von hohem sportlichem\u00a0Niveau eine Herausforderung.<\/p>\n<p>Website: <a title=\"GC Ennstal\" href=\"http:\/\/www.drautalgolf.at\" target=\"_blank\" rel=\"noopener noreferrer\">www.drautalgolf.at<\/a><\/p>\n<p>Golfclub Drautal\/Berg<br \/>\nBerg 221, 9771 Berg im Drautal<br \/>\nAUSTRIA<br \/>\nTel.: <a href=\"tel:+43471282255\" target=\"_blank\" rel=\"noopener noreferrer\">+43 4712 822 55<\/a><br \/>\nE-Mail: <a href=\"mailto:office@drautalgolf.at\" target=\"_blank\" rel=\"noopener noreferrer\">office@drautalgolf.at<\/a><\/p>\n","protected":false},"excerpt":{"rendered":"<p>Unlimitiertes Tagesgreenfee f\u00fcr GC Drautal Berg (K\u00e4rnten), 9 Loch; einl\u00f6sbar 2 Jahre ab Kaufdatum.<\/p>\n","protected":false},"featured_media":5014,"template":"","meta":[],"product_brand":[],"product_cat":[58],"product_tag":[128,129,131,191,437,574],"class_list":{"0":"post-132","1":"product","2":"type-product","3":"status-publish","4":"has-post-thumbnail","6":"product_cat-greenfee","7":"product_tag-greenfee","8":"product_tag-golfclub","9":"product_tag-greenfeegutschein","10":"product_tag-drautal","11":"product_tag-kaernten","12":"product_tag-oesterreich","14":"first","15":"instock","16":"sale","17":"virtual","18":"purchasable","19":"product-type-simple"},"bundled_by":["110"],"bundle_stock_status":"instock","bundle_stock_quantity":13,"bundle_virtual":false,"bundle_layout":"","bundle_add_to_cart_form_location":"","bundle_editable_in_cart":false,"bundle_sold_individually_context":"","bundle_item_grouping":"","bundle_min_size":"","bundle_max_size":"","bundle_price":[],"bundled_items":[],"bundle_sell_ids":[],"exclude_global_add_ons":[],"addons":[],"_links":{"self":[{"href":"https:\/\/dev-wordpress1.golf-direkt.com\/en\/wp-json\/wp\/v2\/product\/132","targetHints":{"allow":["GET"]}}],"collection":[{"href":"https:\/\/dev-wordpress1.golf-direkt.com\/en\/wp-json\/wp\/v2\/product"}],"about":[{"href":"https:\/\/dev-wordpress1.golf-direkt.com\/en\/wp-json\/wp\/v2\/types\/product"}],"wp:featuredmedia":[{"embeddable":true,"href":"https:\/\/dev-wordpress1.golf-direkt.com\/en\/wp-json\/wp\/v2\/media\/5014"}],"wp:attachment":[{"href":"https:\/\/dev-wordpress1.golf-direkt.com\/en\/wp-json\/wp\/v2\/media?parent=132"}],"wp:term":[{"taxonomy":"product_brand","embeddable":true,"href":"https:\/\/dev-wordpress1.golf-direkt.com\/en\/wp-json\/wp\/v2\/product_brand?post=132"},{"taxonomy":"product_cat","embeddable":true,"href":"https:\/\/dev-wordpress1.golf-direkt.com\/en\/wp-json\/wp\/v2\/product_cat?post=132"},{"taxonomy":"product_tag","embeddable":true,"href":"https:\/\/dev-wordpress1.golf-direkt.com\/en\/wp-json\/wp\/v2\/product_tag?post=132"}],"curies":[{"name":"wp","href":"https:\/\/api.w.org\/{rel}","templated":true}]}}