{"id":13117,"date":"2022-10-17T16:57:12","date_gmt":"2022-10-17T14:57:12","guid":{"rendered":"https:\/\/shop.golf-direkt.com\/?post_type=product&#038;p=13117"},"modified":"2025-12-02T16:18:29","modified_gmt":"2025-12-02T15:18:29","slug":"komperdell-achilles-komplett-set-dame-rh","status":"publish","type":"product","link":"https:\/\/dev-wordpress1.golf-direkt.com\/en\/shop\/hardware-en\/schlaeger-en\/komperdell-achilles-komplett-set-dame-rh\/","title":{"rendered":"Komplett-Satz Komperdell ACHILLES Damen Rechts"},"content":{"rendered":"<p>Griff: Vollgummigrif, unisex<br \/>\nSchaft: Komperdell K-1 Schaft | Gewicht 93g | Torque 6,2 | Flex Regular<br \/>\nPutter: Achilles Putter<br \/>\nHybrid: Helios Hybrid (23&#8243;)<br \/>\nDriver: Helios Driver<br \/>\nEisen: 7x Achilles Eisen (#5 &#8211; #SW)<br \/>\nBag: Carrybag<\/p>\n","protected":false},"excerpt":{"rendered":"<p>Das ACHILLES Golfset bietet eine komplette Schl\u00e4gerausr\u00fcstung und \u00fcberzeugt durch sein hervorragendes Preis-Leistungsverh\u00e4ltnis und die leichte Spielbarkeit.<\/p>\n","protected":false},"featured_media":13114,"template":"","meta":[],"product_brand":[],"product_cat":[68,72],"product_tag":[590,572],"class_list":{"0":"post-13117","1":"product","2":"type-product","3":"status-publish","4":"has-post-thumbnail","6":"product_cat-bestof","7":"product_cat-schlaeger","8":"product_tag-komperdell","9":"product_tag-golfschlaeger","10":"product_shipping_class-sperrgut","12":"first","13":"instock","14":"sale","15":"shipping-taxable","16":"purchasable","17":"product-type-simple"},"bundled_by":[],"bundle_stock_status":"instock","bundle_stock_quantity":3,"bundle_virtual":false,"bundle_layout":"","bundle_add_to_cart_form_location":"","bundle_editable_in_cart":false,"bundle_sold_individually_context":"","bundle_item_grouping":"","bundle_min_size":"","bundle_max_size":"","bundle_price":[],"bundled_items":[],"bundle_sell_ids":[],"exclude_global_add_ons":[],"addons":[],"_links":{"self":[{"href":"https:\/\/dev-wordpress1.golf-direkt.com\/en\/wp-json\/wp\/v2\/product\/13117","targetHints":{"allow":["GET"]}}],"collection":[{"href":"https:\/\/dev-wordpress1.golf-direkt.com\/en\/wp-json\/wp\/v2\/product"}],"about":[{"href":"https:\/\/dev-wordpress1.golf-direkt.com\/en\/wp-json\/wp\/v2\/types\/product"}],"wp:featuredmedia":[{"embeddable":true,"href":"https:\/\/dev-wordpress1.golf-direkt.com\/en\/wp-json\/wp\/v2\/media\/13114"}],"wp:attachment":[{"href":"https:\/\/dev-wordpress1.golf-direkt.com\/en\/wp-json\/wp\/v2\/media?parent=13117"}],"wp:term":[{"taxonomy":"product_brand","embeddable":true,"href":"https:\/\/dev-wordpress1.golf-direkt.com\/en\/wp-json\/wp\/v2\/product_brand?post=13117"},{"taxonomy":"product_cat","embeddable":true,"href":"https:\/\/dev-wordpress1.golf-direkt.com\/en\/wp-json\/wp\/v2\/product_cat?post=13117"},{"taxonomy":"product_tag","embeddable":true,"href":"https:\/\/dev-wordpress1.golf-direkt.com\/en\/wp-json\/wp\/v2\/product_tag?post=13117"}],"curies":[{"name":"wp","href":"https:\/\/api.w.org\/{rel}","templated":true}]}}