{"id":12512,"date":"2022-06-30T11:53:19","date_gmt":"2022-06-30T09:53:19","guid":{"rendered":"https:\/\/shop.golf-direkt.com\/?post_type=product&#038;p=12512"},"modified":"2025-11-15T15:29:38","modified_gmt":"2025-11-15T14:29:38","slug":"dutzend-golfbaelle-srixon-q-star-tour-divide","status":"publish","type":"product","link":"https:\/\/dev-wordpress1.golf-direkt.com\/en\/shop\/hardware-en\/golfballs-en\/dutzend-golfbaelle-srixon-q-star-tour-divide\/","title":{"rendered":"Dutzend Golfb\u00e4lle Srixon Q-Star Tour DIVIDE"},"content":{"rendered":"<p>Je l\u00e4nger Ihre Ausrichtungslinie ist, desto einfacher kann es sein, Ihre Putts auszurichten. Und mit der einzigartigen Nahtlinie von DIVIDE, die um den gesamten Golfball verl\u00e4uft, erhalten Sie eine 360\u00b0-Ausrichtung, sodass Sie mit perfektem Ziel putten k\u00f6nnen.<\/p>\n<p>MEHR ALS GUTES AUSSEHEN<br \/>\nDer neue Q-STAR TOUR DIVIDE ist ein Performer durch und durch. Im Gegensatz zu lackierten Golfb\u00e4llen ist die gesamte thermoplastische Urethanh\u00fclle von DIVIDE mit hellen Pigmenten durchtr\u00e4nkt, sodass die Farbe nicht kratzt oder rei\u00dft. Au\u00dferdem sorgt dieses Premium-Urethan f\u00fcr viel Spin und viel Kontrolle auf den Gr\u00fcns.<\/p>\n<p>Eine widerstandsf\u00e4hige Mittelschicht erh\u00f6ht die Geschwindigkeit vom Tee. Und der FastLayer-Kern \u2013 der in der Mitte weich ist, aber an den R\u00e4ndern allm\u00e4hlich fester wird \u2013 bietet die Distanz und das weichere Gef\u00fchl, das Sie von einem voll ausgestatteten Tourball erwarten.<\/p>\n<p><strong>NEW Spin Skin with SeRM<\/strong>: Die Beschichtung mit flexiblen Molek\u00fclverbindungen gr\u00e4bt sich tief in die Kerben von Wedges und Irons und erh\u00f6ht den Spin f\u00fcr mehr Kontrolle. Die Vorteile: Maximaler Spin, verbesserte Gr\u00fcnkontrolle, mehr Bremsverm\u00f6gen.<\/p>\n<ul>\n<li>Farbe: Wei\u00df<\/li>\n<li>Aufbau: 3-piece<\/li>\n<li>Schale: Urethane<\/li>\n<li>Schalenst\u00e4rke: 0,508 mm<\/li>\n<li>Kompression: 72<\/li>\n<li>Dellenanzahl: 338<\/li>\n<\/ul>\n<p>\u00bb <a href=\"https:\/\/www.srixoneurope.com\/en\/balls\/golf-balls\/q-star-tour-divide\/q-star-tour-divide-golf-balls\/MQSTARTRD20-EU.html?dwvar_MQSTARTRD20-EU_color=red\" target=\"_blank\" rel=\"noopener\">Link zum Hersteller<\/a><\/p>\n<p>&nbsp;<\/p>\n","protected":false},"excerpt":{"rendered":"<p>Der Q-STAR TOUR DIVIDE ist ein Aufsehen erregendes Ballangebot von Srixon, das mit seiner einzigartigen 50\/50 matten Urethanh\u00fclle auf dem Platz auff\u00e4llt. Aber es ist mehr als gutes Aussehen: DIVIDE bietet all die antriebssteigernde, chipstoppende Leistung eines klassischen Q-STAR TOUR. Au\u00dferdem macht es den Spin sichtbar und die Putt-Ausrichtung einfacher als je zuvor.<\/p>\n","protected":false},"featured_media":13338,"template":"","meta":[],"product_brand":[],"product_cat":[607,68],"product_tag":[540,148],"class_list":{"0":"post-12512","1":"product","2":"type-product","3":"status-publish","4":"has-post-thumbnail","6":"product_cat-golfbaelle","7":"product_cat-bestof","8":"product_tag-srixon","9":"product_tag-golfball","10":"product_shipping_class-paket-klein","12":"first","13":"outofstock","14":"sale","15":"shipping-taxable","16":"purchasable","17":"product-type-variable","18":"has-default-attributes"},"bundled_by":[],"bundle_stock_status":"outofstock","bundle_stock_quantity":null,"bundle_virtual":false,"bundle_layout":"","bundle_add_to_cart_form_location":"","bundle_editable_in_cart":false,"bundle_sold_individually_context":"","bundle_item_grouping":"","bundle_min_size":"","bundle_max_size":"","bundle_price":[],"bundled_items":[],"bundle_sell_ids":[],"exclude_global_add_ons":[],"addons":[],"_links":{"self":[{"href":"https:\/\/dev-wordpress1.golf-direkt.com\/en\/wp-json\/wp\/v2\/product\/12512","targetHints":{"allow":["GET"]}}],"collection":[{"href":"https:\/\/dev-wordpress1.golf-direkt.com\/en\/wp-json\/wp\/v2\/product"}],"about":[{"href":"https:\/\/dev-wordpress1.golf-direkt.com\/en\/wp-json\/wp\/v2\/types\/product"}],"wp:featuredmedia":[{"embeddable":true,"href":"https:\/\/dev-wordpress1.golf-direkt.com\/en\/wp-json\/wp\/v2\/media\/13338"}],"wp:attachment":[{"href":"https:\/\/dev-wordpress1.golf-direkt.com\/en\/wp-json\/wp\/v2\/media?parent=12512"}],"wp:term":[{"taxonomy":"product_brand","embeddable":true,"href":"https:\/\/dev-wordpress1.golf-direkt.com\/en\/wp-json\/wp\/v2\/product_brand?post=12512"},{"taxonomy":"product_cat","embeddable":true,"href":"https:\/\/dev-wordpress1.golf-direkt.com\/en\/wp-json\/wp\/v2\/product_cat?post=12512"},{"taxonomy":"product_tag","embeddable":true,"href":"https:\/\/dev-wordpress1.golf-direkt.com\/en\/wp-json\/wp\/v2\/product_tag?post=12512"}],"curies":[{"name":"wp","href":"https:\/\/api.w.org\/{rel}","templated":true}]}}