{"id":12312,"date":"2022-05-25T16:07:29","date_gmt":"2022-05-25T14:07:29","guid":{"rendered":"https:\/\/shop.golf-direkt.com\/?post_type=product&#038;p=12312"},"modified":"2025-12-15T22:16:44","modified_gmt":"2025-12-15T21:16:44","slug":"greenfee-golfclub-klopeinersee","status":"publish","type":"product","link":"https:\/\/dev-wordpress1.golf-direkt.com\/en\/shop\/get-your-greenfee-en\/greenfee-golfclub-klopeinersee\/","title":{"rendered":"Greenfee Golfpark Klopeinersee"},"content":{"rendered":"<h3>Das Golfparadies am Klopeiner See in K\u00e4rnten<\/h3>\n<p>Golfspielen am Klopeiner See \u2013 das ist Familiensport auf h\u00f6chstem Niveau inmitten einer faszinierenden Landschaft mit sanften H\u00fcgeln, Wiesen, W\u00e4ldern und den S\u00fcdk\u00e4rntner Seen. Anf\u00e4nger und Fortgeschrittene genie\u00dfen ein abwechslungsreiches Golfspiel &#8211; und das fast das ganze Jahr \u00fcber! Denn in S\u00fcdk\u00e4rnten spielen Golfer bis es schneit auf sommerlichem Gr\u00fcn, und liegt kein Schnee mehr, geht die neue Saison auch schon wieder los.<\/p>\n<p>Website: <a href=\"https:\/\/www.golfklopein.at\/de\/\" target=\"_blank\" rel=\"noopener noreferrer\">www.golfklopein.at<\/a><\/p>\n<p>Golfpark Klopeinersee-S\u00fcdk\u00e4rnten<br \/>\nAm Golfpark 7<br \/>\n9122 Grabelsdorf<\/p>\n<p>Tel.: <a href=\"tel:+4342393800\" target=\"_blank\" rel=\"noopener noreferrer\">+43 4239 3800<\/a><br \/>\nE-Mail: <a href=\"mailto:office@golfklopein.at\" target=\"_blank\" rel=\"noopener noreferrer\">office@golfklopein.at<\/a><\/p>\n","protected":false},"excerpt":{"rendered":"<p>Greenfee f\u00fcr GC Klopeinersee (S\u00fcdk\u00e4rnten); 18 Loch Kurs; g\u00fcltig an allen Tagen; einl\u00f6sbar 2 Jahre ab Kaufdatum.<\/p>\n","protected":false},"featured_media":12319,"template":"","meta":[],"product_brand":[],"product_cat":[58],"product_tag":[574,128,129,131,437],"class_list":{"0":"post-12312","1":"product","2":"type-product","3":"status-publish","4":"has-post-thumbnail","6":"product_cat-greenfee","7":"product_tag-oesterreich","8":"product_tag-greenfee","9":"product_tag-golfclub","10":"product_tag-greenfeegutschein","11":"product_tag-kaernten","13":"first","14":"instock","15":"sale","16":"virtual","17":"purchasable","18":"product-type-simple"},"bundled_by":[],"bundle_stock_status":"instock","bundle_stock_quantity":11,"bundle_virtual":false,"bundle_layout":"","bundle_add_to_cart_form_location":"","bundle_editable_in_cart":false,"bundle_sold_individually_context":"","bundle_item_grouping":"","bundle_min_size":"","bundle_max_size":"","bundle_price":[],"bundled_items":[],"bundle_sell_ids":[],"exclude_global_add_ons":[],"addons":[],"_links":{"self":[{"href":"https:\/\/dev-wordpress1.golf-direkt.com\/en\/wp-json\/wp\/v2\/product\/12312","targetHints":{"allow":["GET"]}}],"collection":[{"href":"https:\/\/dev-wordpress1.golf-direkt.com\/en\/wp-json\/wp\/v2\/product"}],"about":[{"href":"https:\/\/dev-wordpress1.golf-direkt.com\/en\/wp-json\/wp\/v2\/types\/product"}],"wp:featuredmedia":[{"embeddable":true,"href":"https:\/\/dev-wordpress1.golf-direkt.com\/en\/wp-json\/wp\/v2\/media\/12319"}],"wp:attachment":[{"href":"https:\/\/dev-wordpress1.golf-direkt.com\/en\/wp-json\/wp\/v2\/media?parent=12312"}],"wp:term":[{"taxonomy":"product_brand","embeddable":true,"href":"https:\/\/dev-wordpress1.golf-direkt.com\/en\/wp-json\/wp\/v2\/product_brand?post=12312"},{"taxonomy":"product_cat","embeddable":true,"href":"https:\/\/dev-wordpress1.golf-direkt.com\/en\/wp-json\/wp\/v2\/product_cat?post=12312"},{"taxonomy":"product_tag","embeddable":true,"href":"https:\/\/dev-wordpress1.golf-direkt.com\/en\/wp-json\/wp\/v2\/product_tag?post=12312"}],"curies":[{"name":"wp","href":"https:\/\/api.w.org\/{rel}","templated":true}]}}