{"id":12286,"date":"2022-05-24T11:42:45","date_gmt":"2022-05-24T09:42:45","guid":{"rendered":"https:\/\/shop.golf-direkt.com\/?post_type=product&#038;p=12286"},"modified":"2025-12-24T09:51:38","modified_gmt":"2025-12-24T08:51:38","slug":"greenfee-golfclub-regau","status":"publish","type":"product","link":"https:\/\/dev-wordpress1.golf-direkt.com\/en\/shop\/get-your-greenfee-en\/greenfee-golfclub-regau\/","title":{"rendered":"Greenfee Golfclub Regau"},"content":{"rendered":"<h3>GOLF REGAU ATTERSEE TRAUNSEE<br \/>\n&#8230;wo Golf und Genuss sich vereinen!<\/h3>\n<p>Der 18 Loch Championship Course des Golf Regau Attersee \u2013 Traunsee liegt im wunderscho\u0308nen Salzkammergut an der Autobahnausfahrt Regau zwischen dem Attersee und Traunsee. Auf unserem Turnierplatz mit 6.392 m fu\u0308r Herren und 5.610 m fu\u0308r Damen in idyllischer Landschaft wird auf einer Gesamtfla\u0308che von 83 Hektar jede der 18 Golfbahnen zu einem eigensta\u0308ndigen und unverwechselbaren Golferlebnis.<\/p>\n<p>Website: <a href=\"http:\/\/golfregau.at\/\" target=\"_blank\" rel=\"noopener noreferrer\">www.golfregau.at\/<\/a><\/p>\n<p>Golf Regau \u2022 Attersee \u2013 Traunsee<br \/>\nEck 3<br \/>\n4845 Regau<\/p>\n<p>Tel.: <a href=\"tel:+437672222020\" target=\"_blank\" rel=\"noopener noreferrer\">+43 7672 22202-0<\/a><br \/>\nE-Mail: <a href=\"mailto:office@golfregau.at\" target=\"_blank\" rel=\"noopener noreferrer\">office@golfregau.at<\/a><\/p>\n","protected":false},"excerpt":{"rendered":"<p>Greenfee f\u00fcr GC Regau (Ober\u00f6sterreich); 18 Loch Kurs; g\u00fcltig an allen Tagen; einl\u00f6sbar 2 Jahre ab Kaufdatum.<br \/>\nVerkauf im Auftrag des GC Regau<\/p>\n","protected":false},"featured_media":12291,"template":"","meta":[],"product_brand":[],"product_cat":[58],"product_tag":[131,435,574,128,129],"class_list":{"0":"post-12286","1":"product","2":"type-product","3":"status-publish","4":"has-post-thumbnail","6":"product_cat-greenfee","7":"product_tag-greenfeegutschein","8":"product_tag-oberoesterreich","9":"product_tag-oesterreich","10":"product_tag-greenfee","11":"product_tag-golfclub","13":"first","14":"instock","15":"sale","16":"virtual","17":"purchasable","18":"product-type-simple"},"bundled_by":[],"bundle_stock_status":"instock","bundle_stock_quantity":10,"bundle_virtual":false,"bundle_layout":"","bundle_add_to_cart_form_location":"","bundle_editable_in_cart":false,"bundle_sold_individually_context":"","bundle_item_grouping":"","bundle_min_size":"","bundle_max_size":"","bundle_price":[],"bundled_items":[],"bundle_sell_ids":[],"exclude_global_add_ons":[],"addons":[],"_links":{"self":[{"href":"https:\/\/dev-wordpress1.golf-direkt.com\/en\/wp-json\/wp\/v2\/product\/12286","targetHints":{"allow":["GET"]}}],"collection":[{"href":"https:\/\/dev-wordpress1.golf-direkt.com\/en\/wp-json\/wp\/v2\/product"}],"about":[{"href":"https:\/\/dev-wordpress1.golf-direkt.com\/en\/wp-json\/wp\/v2\/types\/product"}],"wp:featuredmedia":[{"embeddable":true,"href":"https:\/\/dev-wordpress1.golf-direkt.com\/en\/wp-json\/wp\/v2\/media\/12291"}],"wp:attachment":[{"href":"https:\/\/dev-wordpress1.golf-direkt.com\/en\/wp-json\/wp\/v2\/media?parent=12286"}],"wp:term":[{"taxonomy":"product_brand","embeddable":true,"href":"https:\/\/dev-wordpress1.golf-direkt.com\/en\/wp-json\/wp\/v2\/product_brand?post=12286"},{"taxonomy":"product_cat","embeddable":true,"href":"https:\/\/dev-wordpress1.golf-direkt.com\/en\/wp-json\/wp\/v2\/product_cat?post=12286"},{"taxonomy":"product_tag","embeddable":true,"href":"https:\/\/dev-wordpress1.golf-direkt.com\/en\/wp-json\/wp\/v2\/product_tag?post=12286"}],"curies":[{"name":"wp","href":"https:\/\/api.w.org\/{rel}","templated":true}]}}