{"id":11990,"date":"2022-04-04T15:15:57","date_gmt":"2022-04-04T13:15:57","guid":{"rendered":"https:\/\/shop.golf-direkt.com\/?post_type=product&#038;p=11990"},"modified":"2025-10-23T09:24:03","modified_gmt":"2025-10-23T07:24:03","slug":"dutzend-golfbaelle-callaway-supersoft-strawberry-tour-logo","status":"publish","type":"product","link":"https:\/\/dev-wordpress1.golf-direkt.com\/en\/shop\/merchandise-en\/dutzend-golfbaelle-callaway-supersoft-strawberry-tour-logo\/","title":{"rendered":"Dutzend Golfb\u00e4lle Callaway Supersoft &#8211; Strawberry Tour"},"content":{"rendered":"<p>Eigenschaften &amp; Leistungen:<\/p>\n<ul>\n<li><strong>Au\u00dfergew\u00f6hnliche Distanz, Spin, Gef\u00fchl und Kontrolle<\/strong><br \/>\nDie neue Hybridabdeckung verf\u00fcgt \u00fcber einen innovativen PARALOID\u2122 Schlagmodifikator von DOW Chemical. Dies erm\u00f6glicht es uns, eine \u00e4u\u00dferst vielseitige Konstruktion aus mehreren Materialien zu erstellen. Auf diese Weise k\u00f6nnen wir eine unglaubliche Kombination aus schnellen Ballgeschwindigkeiten von hohem Start und geringem Spin, weichem Gef\u00fchl, Haltbarkeit und hervorragender Kontrolle am Gr\u00fcn bieten.<\/li>\n<li><strong>Maximale Ballgeschwindigkeit, hoher Start und geringer Spin<\/strong><br \/>\nDer Soft Compression Core maximiert die Energie\u00fcbertragung, um die Ballgeschwindigkeit zu erh\u00f6hen, und f\u00f6rdert gleichzeitig einen hohen Start und einen geringen Spin in Ihren l\u00e4ngeren Schl\u00e4gen f\u00fcr mehr Distanz.<\/li>\n<li><strong>Maximale Konsistenz und optimierte Flugbahn<\/strong><br \/>\nHEX Aerodynamics wurde optimiert, um den Luftwiderstand zu verringern und den Auftrieb f\u00fcr mehr Tragekomfort und h\u00f6heren Flug zu verbessern.<\/li>\n<\/ul>\n<p>&nbsp;<\/p>\n","protected":false},"excerpt":{"rendered":"<p>Long Distance + Greenside Control + Super Soft Feel. Bei diesem Golfball wurden herausragende Beschichtungs-, Kern- und Flugtechnologien kombiniert, um ihn noch besser zu machen. Mit Strawberry Tour Logo.<\/p>\n","protected":false},"featured_media":11992,"template":"","meta":[],"product_brand":[],"product_cat":[64],"product_tag":[547,148,154],"class_list":{"0":"post-11990","1":"product","2":"type-product","3":"status-publish","4":"has-post-thumbnail","6":"product_cat-logoprodukte","7":"product_tag-callaway","8":"product_tag-golfball","9":"product_tag-strawberry-tour","10":"product_shipping_class-paket-klein","12":"first","13":"outofstock","14":"sale","15":"featured","16":"shipping-taxable","17":"purchasable","18":"product-type-simple"},"bundled_by":[],"bundle_stock_status":"outofstock","bundle_stock_quantity":0,"bundle_virtual":false,"bundle_layout":"","bundle_add_to_cart_form_location":"","bundle_editable_in_cart":false,"bundle_sold_individually_context":"","bundle_item_grouping":"","bundle_min_size":"","bundle_max_size":"","bundle_price":[],"bundled_items":[],"bundle_sell_ids":[],"exclude_global_add_ons":[],"addons":[],"_links":{"self":[{"href":"https:\/\/dev-wordpress1.golf-direkt.com\/en\/wp-json\/wp\/v2\/product\/11990","targetHints":{"allow":["GET"]}}],"collection":[{"href":"https:\/\/dev-wordpress1.golf-direkt.com\/en\/wp-json\/wp\/v2\/product"}],"about":[{"href":"https:\/\/dev-wordpress1.golf-direkt.com\/en\/wp-json\/wp\/v2\/types\/product"}],"wp:featuredmedia":[{"embeddable":true,"href":"https:\/\/dev-wordpress1.golf-direkt.com\/en\/wp-json\/wp\/v2\/media\/11992"}],"wp:attachment":[{"href":"https:\/\/dev-wordpress1.golf-direkt.com\/en\/wp-json\/wp\/v2\/media?parent=11990"}],"wp:term":[{"taxonomy":"product_brand","embeddable":true,"href":"https:\/\/dev-wordpress1.golf-direkt.com\/en\/wp-json\/wp\/v2\/product_brand?post=11990"},{"taxonomy":"product_cat","embeddable":true,"href":"https:\/\/dev-wordpress1.golf-direkt.com\/en\/wp-json\/wp\/v2\/product_cat?post=11990"},{"taxonomy":"product_tag","embeddable":true,"href":"https:\/\/dev-wordpress1.golf-direkt.com\/en\/wp-json\/wp\/v2\/product_tag?post=11990"}],"curies":[{"name":"wp","href":"https:\/\/api.w.org\/{rel}","templated":true}]}}