{"id":11545,"date":"2022-01-18T11:49:58","date_gmt":"2022-01-18T10:49:58","guid":{"rendered":"https:\/\/shop.golf-direkt.com\/?post_type=product&#038;p=11545"},"modified":"2025-12-16T09:52:39","modified_gmt":"2025-12-16T08:52:39","slug":"greenfee-golfclub-hainburg","status":"publish","type":"product","link":"https:\/\/dev-wordpress1.golf-direkt.com\/en\/shop\/get-your-greenfee-en\/greenfee-golfclub-hainburg\/","title":{"rendered":"Greenfee Golfclub Hainburg"},"content":{"rendered":"<p>Knappe 50 km \u00f6stlich von Wien, etwas au\u00dferhalb der sch\u00f6nen Mittelalterstadt Hainburg, befindet sich der Golfclub Hainburg. Die 18-Loch Anlage ist zu einem Teil eingebettet in den Donau-Auen, zum anderen geht es terrassenf\u00f6rmig entlang an den H\u00e4ngen des Braunsberges. Dank des milden pannonischen Klimas ist die Anlage meist ganzj\u00e4hrig bespielbar. Die Donau-Auen bieten einzigartige Feuchtgebiete, w\u00e4hrend die H\u00e4nge des Braunsberges ausgewiesene Trockenrasengebiete sind. Der Club ist sich der Lage direkt an einem Naturschutzgebiet bewusst und tr\u00e4gt aktiv mit schonender Platzpflege dazu bei, die vorherrschende Fauna und Flora zu sch\u00fctzen. Die au\u00dfergew\u00f6hnliche Lage bietet daher jedem Golfer ein besonderes Naturerlebnis.<\/p>\n<p>Website: <a href=\"https:\/\/www.golfclub-hainburg.at\/\" target=\"_blank\" rel=\"noopener\">www.golfclub-hainburg.at<\/a><\/p>\n<p>Golf-Club Hainburg<br \/>\nAuf der Heide 762<br \/>\nA-2410 Hainburg a. d. Donau<br \/>\nTel.: +43 2165 626 28<br \/>\nFax: +43 2165 626 28-3<br \/>\nE-Mail: <a href=\"mailto:info@golfclub-hainburg.at\">info@golfclub-hainburg.at<\/a><\/p>\n","protected":false},"excerpt":{"rendered":"<p>Greenfee f\u00fcr Golfclub Hainburg (Nieder\u00f6sterreich), 18 Loch; einl\u00f6sbar 2 Jahre ab Kaufdatum.<\/p>\n","protected":false},"featured_media":11546,"template":"","meta":[],"product_brand":[],"product_cat":[58],"product_tag":[128,129,131,440,574],"class_list":{"0":"post-11545","1":"product","2":"type-product","3":"status-publish","4":"has-post-thumbnail","6":"product_cat-greenfee","7":"product_tag-greenfee","8":"product_tag-golfclub","9":"product_tag-greenfeegutschein","10":"product_tag-niederoesterreich","11":"product_tag-oesterreich","13":"first","14":"instock","15":"sale","16":"virtual","17":"purchasable","18":"product-type-simple"},"bundled_by":[],"bundle_stock_status":"instock","bundle_stock_quantity":19,"bundle_virtual":false,"bundle_layout":"","bundle_add_to_cart_form_location":"","bundle_editable_in_cart":false,"bundle_sold_individually_context":"","bundle_item_grouping":"","bundle_min_size":"","bundle_max_size":"","bundle_price":[],"bundled_items":[],"bundle_sell_ids":[],"exclude_global_add_ons":[],"addons":[],"_links":{"self":[{"href":"https:\/\/dev-wordpress1.golf-direkt.com\/en\/wp-json\/wp\/v2\/product\/11545","targetHints":{"allow":["GET"]}}],"collection":[{"href":"https:\/\/dev-wordpress1.golf-direkt.com\/en\/wp-json\/wp\/v2\/product"}],"about":[{"href":"https:\/\/dev-wordpress1.golf-direkt.com\/en\/wp-json\/wp\/v2\/types\/product"}],"wp:featuredmedia":[{"embeddable":true,"href":"https:\/\/dev-wordpress1.golf-direkt.com\/en\/wp-json\/wp\/v2\/media\/11546"}],"wp:attachment":[{"href":"https:\/\/dev-wordpress1.golf-direkt.com\/en\/wp-json\/wp\/v2\/media?parent=11545"}],"wp:term":[{"taxonomy":"product_brand","embeddable":true,"href":"https:\/\/dev-wordpress1.golf-direkt.com\/en\/wp-json\/wp\/v2\/product_brand?post=11545"},{"taxonomy":"product_cat","embeddable":true,"href":"https:\/\/dev-wordpress1.golf-direkt.com\/en\/wp-json\/wp\/v2\/product_cat?post=11545"},{"taxonomy":"product_tag","embeddable":true,"href":"https:\/\/dev-wordpress1.golf-direkt.com\/en\/wp-json\/wp\/v2\/product_tag?post=11545"}],"curies":[{"name":"wp","href":"https:\/\/api.w.org\/{rel}","templated":true}]}}