{"id":114,"date":"2023-05-22T15:33:06","date_gmt":"2023-05-22T13:33:06","guid":{"rendered":"http:\/\/localhost\/wpshop-live-1\/?post_type=product&#038;p=114"},"modified":"2024-05-14T15:53:25","modified_gmt":"2024-05-14T13:53:25","slug":"odyssey-dfx-double-wide-putter","status":"publish","type":"product","link":"https:\/\/dev-wordpress1.golf-direkt.com\/en\/shop\/hardware-en\/schlaeger-en\/odyssey-dfx-double-wide-putter\/","title":{"rendered":"Putter Callaway Odyssey DFX Double Wide"},"content":{"rendered":"<p>Die DFX Putter von Odyssey wurden mit einer der weichsten Insert-Technologien entwickelt \u2013 sie sind sogar weicher als die legend\u00e4ren Odyssey White Hot-Inserts. Das erm\u00f6glicht ein sanftes Gef\u00fchl und perfekten Roll auf den Gr\u00fcns. Das komplett schwarze Kopfdesign verleiht dem Putter ein edles Aussehen.<\/p>\n","protected":false},"excerpt":{"rendered":"<p>Putter | Rechtsh\u00e4nder | L\u00e4nge: 34 Zoll | Schaft: Stahl | Griff: Odyssee Schwarz-Rot | inkl. Schl\u00e4gerhaube<\/p>\n","protected":false},"featured_media":14482,"template":"","meta":[],"product_brand":[],"product_cat":[68,72],"product_tag":[547,572,614,615],"class_list":{"0":"post-114","1":"product","2":"type-product","3":"status-publish","4":"has-post-thumbnail","6":"product_cat-bestof","7":"product_cat-schlaeger","8":"product_tag-callaway","9":"product_tag-golfschlaeger","10":"product_tag-putter","11":"product_tag-odysseey","12":"product_shipping_class-sperrgut","14":"first","15":"instock","16":"shipping-taxable","17":"purchasable","18":"product-type-simple"},"bundled_by":[],"bundle_stock_status":"instock","bundle_stock_quantity":1,"bundle_virtual":false,"bundle_layout":"","bundle_add_to_cart_form_location":"","bundle_editable_in_cart":false,"bundle_sold_individually_context":"","bundle_item_grouping":"","bundle_min_size":"","bundle_max_size":"","bundle_price":[],"bundled_items":[],"bundle_sell_ids":[],"exclude_global_add_ons":[],"addons":[],"_links":{"self":[{"href":"https:\/\/dev-wordpress1.golf-direkt.com\/en\/wp-json\/wp\/v2\/product\/114","targetHints":{"allow":["GET"]}}],"collection":[{"href":"https:\/\/dev-wordpress1.golf-direkt.com\/en\/wp-json\/wp\/v2\/product"}],"about":[{"href":"https:\/\/dev-wordpress1.golf-direkt.com\/en\/wp-json\/wp\/v2\/types\/product"}],"wp:featuredmedia":[{"embeddable":true,"href":"https:\/\/dev-wordpress1.golf-direkt.com\/en\/wp-json\/wp\/v2\/media\/14482"}],"wp:attachment":[{"href":"https:\/\/dev-wordpress1.golf-direkt.com\/en\/wp-json\/wp\/v2\/media?parent=114"}],"wp:term":[{"taxonomy":"product_brand","embeddable":true,"href":"https:\/\/dev-wordpress1.golf-direkt.com\/en\/wp-json\/wp\/v2\/product_brand?post=114"},{"taxonomy":"product_cat","embeddable":true,"href":"https:\/\/dev-wordpress1.golf-direkt.com\/en\/wp-json\/wp\/v2\/product_cat?post=114"},{"taxonomy":"product_tag","embeddable":true,"href":"https:\/\/dev-wordpress1.golf-direkt.com\/en\/wp-json\/wp\/v2\/product_tag?post=114"}],"curies":[{"name":"wp","href":"https:\/\/api.w.org\/{rel}","templated":true}]}}