{"id":11180,"date":"2021-11-29T15:29:20","date_gmt":"2021-11-29T14:29:20","guid":{"rendered":"https:\/\/shop.golf-direkt.com\/?post_type=product&#038;p=11180"},"modified":"2025-03-03T12:55:10","modified_gmt":"2025-03-03T11:55:10","slug":"bag-pg-powergolf-lock-90-dry-m","status":"publish","type":"product","link":"https:\/\/dev-wordpress1.golf-direkt.com\/en\/shop\/hardware-en\/bags-en\/bag-pg-powergolf-lock-90-dry-m\/","title":{"rendered":"Bag PG-PowerGolf Lock 90 Dry M &#8211; verschiedene Farben"},"content":{"rendered":"<div>\nDas PG-PowerGolf \u201eLock 90 Dry M\u201c ist aus 100 % wasserdichtem Material mit verschwei\u00dften N\u00e4hten und hochwertigen YKK-Rei\u00dfverschl\u00fcssen. Dieses optimierte wasserdichte Leichtbau-Bag \u00fcberzeugt durch eine sehr hohe Funktionalit\u00e4t. Das Bag verf\u00fcgt \u00fcber 6 Au\u00dfentaschen, 3 gro\u00dfe Fronttaschen und ein zus\u00e4tzliches Fach f\u00fcr die Batterie. In der unteren Fronttasche ist ein gro\u00dfes K\u00fchlfach.<\/p>\n<p>An der Seite befindet sich das gef\u00fctterte Fach f\u00fcr Ihre Wertsachen, ein Halter f\u00fcr Handtuch und Handschuh und ein Schirmhalter sowie die 14-fache durchgehende Schl\u00e4gerhalterung. Hinzu kommt noch die Schl\u00e4gerhaube und der gepolsterte Tragegurt. Die Bags sind ausger\u00fcstet mit einem Gegenst\u00fcck\/Adapter <strong>f\u00fcr den magnetischen Baghalter von PG-Powergolf, sie passen jedoch auch auf jeden anderen Baghalter<\/strong>. Gewicht: 2,3 kg<\/p>\n<p>Erh\u00e4ltliche Farben (Grundfarbe\/Akzentfarbe): Blau\/Grau, Grau\/Wei\u00df, Rot\/Wei\u00df, Schwarz\/Blau, Schwarz\/Grau, Schwarz\/Pink.\n<\/p><\/div>\n","protected":false},"excerpt":{"rendered":"<p>2-farbiges wasserdichtes Leichtbau-Bag, 90 cm mit Grip-Lock Top und magnetischer Halterung, verschiedene Farben<\/p>\n","protected":false},"featured_media":18704,"template":"","meta":[],"product_brand":[],"product_cat":[66,68],"product_tag":[610,713],"class_list":{"0":"post-11180","1":"product","2":"type-product","3":"status-publish","4":"has-post-thumbnail","6":"product_cat-bags","7":"product_cat-bestof","8":"product_tag-pg-powergolf","9":"product_tag-bag","10":"product_shipping_class-sperrgut","12":"first","13":"instock","14":"shipping-taxable","15":"purchasable","16":"product-type-simple"},"bundled_by":["11190"],"bundle_stock_status":"instock","bundle_stock_quantity":null,"bundle_virtual":false,"bundle_layout":"","bundle_add_to_cart_form_location":"","bundle_editable_in_cart":false,"bundle_sold_individually_context":"","bundle_item_grouping":"","bundle_min_size":"","bundle_max_size":"","bundle_price":[],"bundled_items":[],"bundle_sell_ids":[],"exclude_global_add_ons":false,"addons":[{"name":"Farbe Bag","type":"multiple_choice","position":0,"required":true,"title_format":"label","default":"","description_enable":false,"description":"","placeholder_enable":false,"placeholder":"","display":"select","restrictions_type":"any_text","adjust_price":false,"price":"","price_type":"flat_fee","restrictions":false,"min":"0","max":"0","options":[{"label":"Blau\/Grau","price":"","price_type":"flat_fee","image":0,"visibility":true},{"label":"Grau\/Wei\u00df","price":"","price_type":"flat_fee","image":0,"visibility":true},{"label":"Rot\/Wei\u00df","price":"","price_type":"flat_fee","image":0,"visibility":true},{"label":"Schwarz\/Blau","price":"","price_type":"flat_fee","image":0,"visibility":true},{"label":"Schwarz\/Grau","price":"","price_type":"flat_fee","image":0,"visibility":true},{"label":"Schwarz\/Pink","price":"","price_type":"flat_fee","image":0,"visibility":true}],"id":1741006098}],"_links":{"self":[{"href":"https:\/\/dev-wordpress1.golf-direkt.com\/en\/wp-json\/wp\/v2\/product\/11180","targetHints":{"allow":["GET"]}}],"collection":[{"href":"https:\/\/dev-wordpress1.golf-direkt.com\/en\/wp-json\/wp\/v2\/product"}],"about":[{"href":"https:\/\/dev-wordpress1.golf-direkt.com\/en\/wp-json\/wp\/v2\/types\/product"}],"wp:featuredmedia":[{"embeddable":true,"href":"https:\/\/dev-wordpress1.golf-direkt.com\/en\/wp-json\/wp\/v2\/media\/18704"}],"wp:attachment":[{"href":"https:\/\/dev-wordpress1.golf-direkt.com\/en\/wp-json\/wp\/v2\/media?parent=11180"}],"wp:term":[{"taxonomy":"product_brand","embeddable":true,"href":"https:\/\/dev-wordpress1.golf-direkt.com\/en\/wp-json\/wp\/v2\/product_brand?post=11180"},{"taxonomy":"product_cat","embeddable":true,"href":"https:\/\/dev-wordpress1.golf-direkt.com\/en\/wp-json\/wp\/v2\/product_cat?post=11180"},{"taxonomy":"product_tag","embeddable":true,"href":"https:\/\/dev-wordpress1.golf-direkt.com\/en\/wp-json\/wp\/v2\/product_tag?post=11180"}],"curies":[{"name":"wp","href":"https:\/\/api.w.org\/{rel}","templated":true}]}}