{"id":109,"date":"2025-12-01T10:15:44","date_gmt":"2025-12-01T09:15:44","guid":{"rendered":"http:\/\/localhost\/wpshop-live-1\/?post_type=product&#038;p=109"},"modified":"2025-12-29T14:28:36","modified_gmt":"2025-12-29T13:28:36","slug":"standbag-big-max-aqua-hybrid-4","status":"publish","type":"product","link":"https:\/\/dev-wordpress1.golf-direkt.com\/en\/shop\/hardware-en\/bags-en\/standbag-big-max-aqua-hybrid-4\/","title":{"rendered":"Standbag Big Max Aqua Hybrid 4"},"content":{"rendered":"<div class=\"su-custom-gallery su-custom-gallery-align-left su-custom-gallery-title-never su-lightbox-gallery\"><div class=\"su-custom-gallery-slide\" style=\"width:200px;height:200px\"><a href=\"https:\/\/dev-wordpress1.golf-direkt.com\/wp-content\/uploads\/bigmax-standbag-aqua-hybrid-4-feature-img104.jpg\" title=\"Hybrids X-Hot_\"><img loading=\"lazy\" decoding=\"async\" src=\"https:\/\/dev-wordpress1.golf-direkt.com\/wp-content\/uploads\/bigmax-standbag-aqua-hybrid-4-feature-img104-200x200.jpg\" alt=\"Hybrids X-Hot_\" width=\"200\" height=\"200\" \/><span class=\"su-custom-gallery-title\">Hybrids X-Hot_<\/span><\/a><\/div><div class=\"su-custom-gallery-slide\" style=\"width:200px;height:200px\"><a href=\"https:\/\/dev-wordpress1.golf-direkt.com\/wp-content\/uploads\/bigmax-standbag-aqua-hybrid-4-feature-img100.jpg\" title=\"golfball_taylormade_TP5x_02\"><img loading=\"lazy\" decoding=\"async\" src=\"https:\/\/dev-wordpress1.golf-direkt.com\/wp-content\/uploads\/bigmax-standbag-aqua-hybrid-4-feature-img100-200x200.jpg\" alt=\"golfball_taylormade_TP5x_02\" width=\"200\" height=\"200\" \/><span class=\"su-custom-gallery-title\">golfball_taylormade_TP5x_02<\/span><\/a><\/div><div class=\"su-custom-gallery-slide\" style=\"width:200px;height:200px\"><a href=\"https:\/\/dev-wordpress1.golf-direkt.com\/wp-content\/uploads\/bigmax-standbag-aqua-hybrid-4-feature-img102.jpg\" title=\"golfball_taylormade_TP5x_01\"><img loading=\"lazy\" decoding=\"async\" src=\"https:\/\/dev-wordpress1.golf-direkt.com\/wp-content\/uploads\/bigmax-standbag-aqua-hybrid-4-feature-img102-200x200.jpg\" alt=\"golfball_taylormade_TP5x_01\" width=\"200\" height=\"200\" \/><span class=\"su-custom-gallery-title\">golfball_taylormade_TP5x_01<\/span><\/a><\/div><div class=\"su-clear\"><\/div><\/div>\n<h3>100% Wasserdicht<\/h3>\n<p>Jedes Detail des AQUA Hybrid 4 ist darauf ausgelegt, vor Feuchtigkeit zu sch\u00fctzen. Mit wasserdichtem Material, wasserdichten Rei\u00dfverschl\u00fcssen und komplett versiegelten N\u00e4hten kannst Du sicher sein, dass deine Ausr\u00fcstung v\u00f6llig trocken bleibt.<\/p>\n<h3>XL K\u00fchlfach<\/h3>\n<p>Das erweiterte K\u00fchlfach des AQUA Hybrid 4 bietet Platz f\u00fcr bis zu zwei Flaschen plus eine au\u00dfen. Die ideale Temperatur deiner Getr\u00e4nke ist kein Luxus mehr, sondern Standard. Bleibe hydriert, bleibe fokussiert.<\/p>\n<h3>Passt sich an dein Spiel an<\/h3>\n<p>Egal ob du ein Standbag oder das Bag am Trolley bevorzugst, die AQUA Hybrid 4 ist der perfekte, vielseitige Begleiter. Der herabgesetzten Standbeine, der Trolley-kompatible Boden, das Leg-Lock System und die abnehmbaren Tr\u00e4ger bieten ultimative Kompatibilit\u00e4t.<\/p>\n<h3>Intelligente Organisation<\/h3>\n<p>Deine Wertsachen haben einen eigenen Platz verdient. In der Werttasche sind deine wichtigsten Dinge sicher und leicht zug\u00e4nglich. Mit ihrem ger\u00e4umigen Design bietet sie einen sicheren Platz und sorgt daf\u00fcr, dass alles an einem Ort bleibt.<\/p>\n<h3>Spezifikationen<\/h3>\n<ul>\n<li>Gewicht: 2,5 kg<\/li>\n<li>100 % Wasserdicht<\/li>\n<li>14 F\u00e4cher<\/li>\n<li>7 Taschen<\/li>\n<li>Top-Gr\u00f6\u00dfe: 9 in<\/li>\n<li>Features: XL Putter Fach, Handtuchhalter, Handschuhhalter, Gepolsterter Schultergurt, Regenhaube, Bleistifthalter<\/li>\n<\/ul>\n<p>&nbsp;<\/p>\n","protected":false},"excerpt":{"rendered":"<p>Die ultimative Mischung aus Strapazierf\u00e4higkeit und Vielseitigkeit, ma\u00dfgeschneidert f\u00fcr Golfer, die alles haben wollen: Diese innovative Tasche wurde entwickelt, um bei jedem Wetter zu funktionieren, und bietet vollst\u00e4ndigen wasserdichten Schutz. Sie ist sowohl f\u00fcr den Einsatz am Trolley als auch zum Tragen optimiert und verf\u00fcgt \u00fcber ein erweitertes K\u00fchlfach und leicht zug\u00e4ngliche F\u00e4cher. Farbe: Navy-White-Red (Dunkelblau und Wei\u00df mit roten Akzenten)<\/p>\n","protected":false},"featured_media":9943,"template":"","meta":[],"product_brand":[],"product_cat":[66,68],"product_tag":[612,713],"class_list":{"0":"post-109","1":"product","2":"type-product","3":"status-publish","4":"has-post-thumbnail","6":"product_cat-bags","7":"product_cat-bestof","8":"product_tag-big-max","9":"product_tag-bag","10":"product_shipping_class-paket-gross","12":"first","13":"onbackorder","14":"sale","15":"shipping-taxable","16":"purchasable","17":"product-type-simple"},"bundled_by":[],"bundle_stock_status":"onbackorder","bundle_stock_quantity":null,"bundle_virtual":false,"bundle_layout":"","bundle_add_to_cart_form_location":"","bundle_editable_in_cart":false,"bundle_sold_individually_context":"","bundle_item_grouping":"","bundle_min_size":"","bundle_max_size":"","bundle_price":[],"bundled_items":[],"bundle_sell_ids":[],"exclude_global_add_ons":[],"addons":[],"_links":{"self":[{"href":"https:\/\/dev-wordpress1.golf-direkt.com\/en\/wp-json\/wp\/v2\/product\/109","targetHints":{"allow":["GET"]}}],"collection":[{"href":"https:\/\/dev-wordpress1.golf-direkt.com\/en\/wp-json\/wp\/v2\/product"}],"about":[{"href":"https:\/\/dev-wordpress1.golf-direkt.com\/en\/wp-json\/wp\/v2\/types\/product"}],"wp:featuredmedia":[{"embeddable":true,"href":"https:\/\/dev-wordpress1.golf-direkt.com\/en\/wp-json\/wp\/v2\/media\/9943"}],"wp:attachment":[{"href":"https:\/\/dev-wordpress1.golf-direkt.com\/en\/wp-json\/wp\/v2\/media?parent=109"}],"wp:term":[{"taxonomy":"product_brand","embeddable":true,"href":"https:\/\/dev-wordpress1.golf-direkt.com\/en\/wp-json\/wp\/v2\/product_brand?post=109"},{"taxonomy":"product_cat","embeddable":true,"href":"https:\/\/dev-wordpress1.golf-direkt.com\/en\/wp-json\/wp\/v2\/product_cat?post=109"},{"taxonomy":"product_tag","embeddable":true,"href":"https:\/\/dev-wordpress1.golf-direkt.com\/en\/wp-json\/wp\/v2\/product_tag?post=109"}],"curies":[{"name":"wp","href":"https:\/\/api.w.org\/{rel}","templated":true}]}}