{"id":10836,"date":"2021-09-14T13:54:49","date_gmt":"2021-09-14T11:54:49","guid":{"rendered":"https:\/\/shop.golf-direkt.com\/?post_type=product&#038;p=10836"},"modified":"2025-09-08T14:52:27","modified_gmt":"2025-09-08T12:52:27","slug":"golfbaelle-srixon-z-star","status":"publish","type":"product","link":"https:\/\/dev-wordpress1.golf-direkt.com\/en\/shop\/hardware-en\/golfballs-en\/golfbaelle-srixon-z-star\/","title":{"rendered":"Dutzend Golfb\u00e4lle Srixon Z-Star \u2013 Pure White"},"content":{"rendered":"<p>Maximieren Sie Ihren Greenside-Spin und freuen Sie sich \u00fcber reichlich Performance bei Distanzschl\u00e4gen, das alles mit au\u00dfergew\u00f6hnlich weichem Feeling. Wenn Sie auf Finesse rund um die Gr\u00fcns und punktgenaue Ann\u00e4herungsschl\u00e4ge Wert legen, dann liegen Sie mit den Z-STAR B\u00e4llen von Srixon richtig.<\/p>\n<p><strong>FastLayer Core<\/strong>: Beginnt weich in der Mitte und wird nach und nach fester rund um den Au\u00dfenrand, vermittelt Geschwindigkeit und ein gutes Feeling, damit Sie mit Selbstvertrauen gro\u00dfe Weite erzielen k\u00f6nnen. Dank spezieller Hitzebehandlung ist der Ball au\u00dfen schnell, verbleibt in der MItte jedoch angenehm weich, wobei der \u00dcbergang flie\u00dfend ist.<\/p>\n<p><strong>338 Speed Dimple Pattern<\/strong>: Die neuen, tieferen Abmessungen der 338 Dellen bedeuten eine gr\u00f6\u00dfere Wucht beim Abschlag. Nach dem Abschlag produzieren die Dellen Auftrieb, sto\u00dfen den Ball aufw\u00e4rts und erh\u00f6hen die Gleitdistanz im Sinkflug.<\/p>\n<p><strong>Urethane Cover &amp; Spin Skin with SeRM:<\/strong>\u00a0Jeder Z-Star Golfball zeichnet sich durch eine extra d\u00fcnne, thermoplastische Urethan-H\u00fclle aus. F\u00fcr noch mehr Spin und Kontrolle sorgt die \u201cSpin Skin\u201d Beschichtung. Diese zus\u00e4tzliche Schicht aus Urethan ist nur ein paar Mikrometer dick und nutzt Slide-Ring Material (SeRM) um Reibung und Spin bei Chips und Pitches zu maximieren.<\/p>\n<ul>\n<li>Farbe: Wei\u00df<\/li>\n<li>Aufbau: 3-piece<\/li>\n<li>Schale: Urethane<\/li>\n<li>Schalenst\u00e4rke: 0,6 mm<\/li>\n<li>Kompression: 90<\/li>\n<li>Dellenanzahl: 338<\/li>\n<li>Feel: Weicher<\/li>\n<li>Distanz: Weit<\/li>\n<li>Flugbahn: Mittel<\/li>\n<li>Greenside Spin: Maximal<\/li>\n<li>Driver Spin: Niedrig<\/li>\n<\/ul>\n","protected":false},"excerpt":{"rendered":"<p>Maximieren Sie Ihren Spin auf dem Gr\u00fcn und genie\u00dfen Sie eine gro\u00dfe Distanzleistung, alles mit einem au\u00dfergew\u00f6hnlich weichen Gef\u00fchl. W\u00e4hlen Sie den Z-STAR, wenn Finesse rund um die Gr\u00fcns und punktgenaue Ann\u00e4herungsschl\u00e4ge Ihre Schl\u00fcssel sind, um niedrige Scores zu erzielen.<\/p>\n","protected":false},"featured_media":15954,"template":"","meta":[],"product_brand":[],"product_cat":[68,607],"product_tag":[148,540],"class_list":{"0":"post-10836","1":"product","2":"type-product","3":"status-publish","4":"has-post-thumbnail","6":"product_cat-bestof","7":"product_cat-golfbaelle","8":"product_tag-golfball","9":"product_tag-srixon","10":"product_shipping_class-paket-klein","12":"first","13":"instock","14":"sale","15":"shipping-taxable","16":"purchasable","17":"product-type-simple"},"bundled_by":[],"bundle_stock_status":"instock","bundle_stock_quantity":1,"bundle_virtual":false,"bundle_layout":"","bundle_add_to_cart_form_location":"","bundle_editable_in_cart":false,"bundle_sold_individually_context":"","bundle_item_grouping":"","bundle_min_size":"","bundle_max_size":"","bundle_price":[],"bundled_items":[],"bundle_sell_ids":[],"exclude_global_add_ons":[],"addons":[],"_links":{"self":[{"href":"https:\/\/dev-wordpress1.golf-direkt.com\/en\/wp-json\/wp\/v2\/product\/10836","targetHints":{"allow":["GET"]}}],"collection":[{"href":"https:\/\/dev-wordpress1.golf-direkt.com\/en\/wp-json\/wp\/v2\/product"}],"about":[{"href":"https:\/\/dev-wordpress1.golf-direkt.com\/en\/wp-json\/wp\/v2\/types\/product"}],"wp:featuredmedia":[{"embeddable":true,"href":"https:\/\/dev-wordpress1.golf-direkt.com\/en\/wp-json\/wp\/v2\/media\/15954"}],"wp:attachment":[{"href":"https:\/\/dev-wordpress1.golf-direkt.com\/en\/wp-json\/wp\/v2\/media?parent=10836"}],"wp:term":[{"taxonomy":"product_brand","embeddable":true,"href":"https:\/\/dev-wordpress1.golf-direkt.com\/en\/wp-json\/wp\/v2\/product_brand?post=10836"},{"taxonomy":"product_cat","embeddable":true,"href":"https:\/\/dev-wordpress1.golf-direkt.com\/en\/wp-json\/wp\/v2\/product_cat?post=10836"},{"taxonomy":"product_tag","embeddable":true,"href":"https:\/\/dev-wordpress1.golf-direkt.com\/en\/wp-json\/wp\/v2\/product_tag?post=10836"}],"curies":[{"name":"wp","href":"https:\/\/api.w.org\/{rel}","templated":true}]}}