{"id":108,"date":"2023-04-25T12:15:44","date_gmt":"2023-04-25T10:15:44","guid":{"rendered":"http:\/\/localhost\/wpshop-live-1\/?post_type=product&#038;p=108"},"modified":"2026-01-09T10:54:48","modified_gmt":"2026-01-09T09:54:48","slug":"handschuh-damen-footjoy-weathersof-3-pack","status":"publish","type":"product","link":"https:\/\/dev-wordpress1.golf-direkt.com\/en\/shop\/hardware-en\/accessories-en\/handschuh-damen-footjoy-weathersof-3-pack\/","title":{"rendered":"Handschuh FootJoy WeatherSof Damen (3-Pack)"},"content":{"rendered":"<p>Der Bestseller unter den Golfhandschuhen kombiniert revolution\u00e4re Performance mit maximaler Strapazierf\u00e4higkeit und einem durchgehend weichen Gef\u00fchl bei allen Witterungsverh\u00e4ltnissen. 3 St\u00fcck Packung, f\u00fcr die linke Hand, erh\u00e4ltlich in verschiedenen Gr\u00f6\u00dfen (Damen\/Women\u2019s), Farbe: Wei\u00df mit schwarzen Akzenten.<\/p>\n<ul>\n<li>SECURE CLOSURE \u2013 Proprietary ComforTab Closure comfortably adjusts for a secure, reliable fit and feel.<\/li>\n<li>EXTRAORDINARY FIT \u2013 FiberSof\u2122 microfiber along the fingers blends seamlessly to offer an extraordinary fit and a secure grip.<\/li>\n<li>COMFORTABLE \u2013 FiberSof\u2122 palm and back for consistent comfortable fit<\/li>\n<li>MOISTURE CONTROL \u2013 A breathable PowerNet\u2122 Mesh along the knuckles, creates cool comfort while improving fit and flexibility.<\/li>\n<li>BALLMARKER \u2013 A removable ballmarker offers golfers a quick and easy solution to mark their ball.<\/li>\n<\/ul>\n","protected":false},"excerpt":{"rendered":"<p>Der Bestseller unter den Golfhandschuhen kombiniert revolution\u00e4re Performance mit maximaler Strapazierf\u00e4higkeit und einem durchgehend weichen Gef\u00fchl bei allen Witterungsverh\u00e4ltnissen. 3 St\u00fcck Packung f\u00fcr Rechtsh\u00e4nder (= linker Handschuh) erh\u00e4ltlich in verschiedenen Gr\u00f6\u00dfen (Damen\/Women\u2019s), Farbe: Wei\u00df mit schwarzen Akzenten.<\/p>\n","protected":false},"featured_media":14190,"template":"","meta":[],"product_brand":[],"product_cat":[68,76],"product_tag":[600,601],"class_list":{"0":"post-108","1":"product","2":"type-product","3":"status-publish","4":"has-post-thumbnail","6":"product_cat-bestof","7":"product_cat-zubehoer","8":"product_tag-handschuh","9":"product_tag-footjoy","10":"product_shipping_class-versandtasche-leicht","11":"pa_groesse-bekleidung-1-groesse-l","12":"pa_groesse-bekleidung-1-groesse-m-l","13":"pa_groesse-bekleidung-1-groesse-m","15":"first","16":"instock","17":"sale","18":"shipping-taxable","19":"purchasable","20":"product-type-variable"},"bundled_by":[],"bundle_stock_status":"instock","bundle_stock_quantity":null,"bundle_virtual":false,"bundle_layout":"","bundle_add_to_cart_form_location":"","bundle_editable_in_cart":false,"bundle_sold_individually_context":"","bundle_item_grouping":"","bundle_min_size":"","bundle_max_size":"","bundle_price":[],"bundled_items":[],"bundle_sell_ids":[],"exclude_global_add_ons":[],"addons":[],"_links":{"self":[{"href":"https:\/\/dev-wordpress1.golf-direkt.com\/en\/wp-json\/wp\/v2\/product\/108","targetHints":{"allow":["GET"]}}],"collection":[{"href":"https:\/\/dev-wordpress1.golf-direkt.com\/en\/wp-json\/wp\/v2\/product"}],"about":[{"href":"https:\/\/dev-wordpress1.golf-direkt.com\/en\/wp-json\/wp\/v2\/types\/product"}],"wp:featuredmedia":[{"embeddable":true,"href":"https:\/\/dev-wordpress1.golf-direkt.com\/en\/wp-json\/wp\/v2\/media\/14190"}],"wp:attachment":[{"href":"https:\/\/dev-wordpress1.golf-direkt.com\/en\/wp-json\/wp\/v2\/media?parent=108"}],"wp:term":[{"taxonomy":"product_brand","embeddable":true,"href":"https:\/\/dev-wordpress1.golf-direkt.com\/en\/wp-json\/wp\/v2\/product_brand?post=108"},{"taxonomy":"product_cat","embeddable":true,"href":"https:\/\/dev-wordpress1.golf-direkt.com\/en\/wp-json\/wp\/v2\/product_cat?post=108"},{"taxonomy":"product_tag","embeddable":true,"href":"https:\/\/dev-wordpress1.golf-direkt.com\/en\/wp-json\/wp\/v2\/product_tag?post=108"}],"curies":[{"name":"wp","href":"https:\/\/api.w.org\/{rel}","templated":true}]}}