{"id":10642,"date":"2021-08-03T14:05:36","date_gmt":"2021-08-03T12:05:36","guid":{"rendered":"https:\/\/shop.golf-direkt.com\/?post_type=product&#038;p=10642"},"modified":"2026-03-18T14:50:11","modified_gmt":"2026-03-18T13:50:11","slug":"greenfee-golfclub-schloss-ernegg","status":"publish","type":"product","link":"https:\/\/dev-wordpress1.golf-direkt.com\/en\/shop\/get-your-greenfee-en\/greenfee-golfclub-schloss-ernegg\/","title":{"rendered":"Greenfee Golfclub Schloss Ernegg"},"content":{"rendered":"<p>Eingebettet in der H\u00fcgellandschaft des Voralpenlandes, im Tal der Kleinen Erlauf und am Fu\u00dfe des Hausberges, finden Sie einen der sch\u00f6nsten Naturpl\u00e4tze des Landes. Der Golfplatz spiegelt die Verbindung zwischen typisch britischem Flair und dem charmanten Charakter des Mostviertels wieder.<\/p>\n<p>Website: <a href=\"https:\/\/www.gcschlossernegg.at\" target=\"_blank\" rel=\"noopener noreferrer\">www.gcschlossernegg.at<\/a><\/p>\n<p>Golfclub Schloss Ernegg<br \/>\nErnegg 4, 3261 Steinakirchen\/Forst<br \/>\nAUSTRIA<br \/>\nTel.: <a href=\"tel:+43748876770\" target=\"_blank\" rel=\"noopener noreferrer\">+43 7488 76 770<\/a><br \/>\nE-Mail: <a href=\"mailto:office@gcschlossernegg.at\" target=\"_blank\" rel=\"noopener noreferrer\">office@gcschlossernegg.at<\/a><\/p>\n","protected":false},"excerpt":{"rendered":"<p>Greenfee f\u00fcr GC Schloss Ernegg (Nieder\u00f6sterreich); 18 Loch Kurs; g\u00fcltig an allen Tagen; einl\u00f6sbar 2 Jahre ab Kaufdatum.<\/p>\n","protected":false},"featured_media":10643,"template":"","meta":[],"product_brand":[],"product_cat":[58],"product_tag":[440,574,128,129,131],"class_list":{"0":"post-10642","1":"product","2":"type-product","3":"status-publish","4":"has-post-thumbnail","6":"product_cat-greenfee","7":"product_tag-niederoesterreich","8":"product_tag-oesterreich","9":"product_tag-greenfee","10":"product_tag-golfclub","11":"product_tag-greenfeegutschein","13":"first","14":"instock","15":"sale","16":"virtual","17":"purchasable","18":"product-type-simple"},"bundled_by":[],"bundle_stock_status":"instock","bundle_stock_quantity":19,"bundle_virtual":false,"bundle_layout":"","bundle_add_to_cart_form_location":"","bundle_editable_in_cart":false,"bundle_sold_individually_context":"","bundle_item_grouping":"","bundle_min_size":"","bundle_max_size":"","bundle_price":[],"bundled_items":[],"bundle_sell_ids":[],"exclude_global_add_ons":[],"addons":[],"_links":{"self":[{"href":"https:\/\/dev-wordpress1.golf-direkt.com\/en\/wp-json\/wp\/v2\/product\/10642","targetHints":{"allow":["GET"]}}],"collection":[{"href":"https:\/\/dev-wordpress1.golf-direkt.com\/en\/wp-json\/wp\/v2\/product"}],"about":[{"href":"https:\/\/dev-wordpress1.golf-direkt.com\/en\/wp-json\/wp\/v2\/types\/product"}],"wp:featuredmedia":[{"embeddable":true,"href":"https:\/\/dev-wordpress1.golf-direkt.com\/en\/wp-json\/wp\/v2\/media\/10643"}],"wp:attachment":[{"href":"https:\/\/dev-wordpress1.golf-direkt.com\/en\/wp-json\/wp\/v2\/media?parent=10642"}],"wp:term":[{"taxonomy":"product_brand","embeddable":true,"href":"https:\/\/dev-wordpress1.golf-direkt.com\/en\/wp-json\/wp\/v2\/product_brand?post=10642"},{"taxonomy":"product_cat","embeddable":true,"href":"https:\/\/dev-wordpress1.golf-direkt.com\/en\/wp-json\/wp\/v2\/product_cat?post=10642"},{"taxonomy":"product_tag","embeddable":true,"href":"https:\/\/dev-wordpress1.golf-direkt.com\/en\/wp-json\/wp\/v2\/product_tag?post=10642"}],"curies":[{"name":"wp","href":"https:\/\/api.w.org\/{rel}","templated":true}]}}