{"id":10222,"date":"2021-05-25T18:01:31","date_gmt":"2021-05-25T16:01:31","guid":{"rendered":"https:\/\/shop.golf-direkt.com\/?post_type=product&#038;p=10222"},"modified":"2026-01-13T14:06:22","modified_gmt":"2026-01-13T13:06:22","slug":"tee-finder-strawberry-tour","status":"publish","type":"product","link":"https:\/\/dev-wordpress1.golf-direkt.com\/en\/shop\/hardware-en\/accessories-en\/tee-finder-strawberry-tour\/","title":{"rendered":"Tee Finder &#8211; Strawberry Tour"},"content":{"rendered":"<p>Beim Teefinder\u00a9 geht es nicht in erster Linie darum, Geld zu sparen, da wir alle wissen dass Tee&#8217;s g\u00fcnstig und in gro\u00dfen Mengen erh\u00e4ltlich sind. Stattdessen sollte man ihn als n\u00fctzliches Hilfsmittel betrachten.<\/p>\n<p><b>Was den Teefinder \u00a9 sonst noch auszeichnet?<\/b><\/p>\n<p>\u2705 Mehr Sicherheit auf der Driving Range und beim Abschlag<br \/>\n\u2705 mehr Fokus und ein besserer Spielfluss<br \/>\n\u2705 Bessere Abschlag- und Ballstabilit\u00e4t<br \/>\n\u2705 optimaler Ballbodenabstand<br \/>\n\u2705 Hochwertiges Produkt made in Europe<br \/>\n\u2705 Verbesserung der Golfetikette<\/p>\n<p>Mit Strawberry Tour Logo.<\/p>\n","protected":false},"excerpt":{"rendered":"<p><b>Warum der Teefinder \u00a9 f\u00fcr Sie von Vorteil ist:<\/b><\/p>\n<ol>\n<li>Der Teefinder \u00f6ffnet sich direkt nach dem Abschlag und dadurch wird die Flugbahn des Tee&#8217;s ma\u00dfgeblich verringert. Man muss sich ab sofort keine Gedanken mehr machen \u00fcberhaupt ein Tee zu verlieren. Zus\u00e4tzlich f\u00e4llt auch die l\u00e4stige Suche weg.<\/li>\n<li>Das Ergebnis ist ein besserer Fokus und eine Verbesserung des Spielflusses auf dem Platz.<\/li>\n<li>Der Golfball kann dank dem Teefinder immer gleich hoch aufgeteet werden und so ihre Golfschwung Routine bestm\u00f6glich unterst\u00fctzen. Egal ob auf dem Platz oder auf der Driving Range, wird Ihr Training nun sicherer und schnellerer sein.<\/li>\n<li>Der Teefinder ist nicht nur ein umweltfreundliches Produkt, obendrein bleibt der Platz sch\u00f6ner und sch\u00fctzt auch die Ger\u00e4te der Greenkeeper vor m\u00f6glichen Sch\u00e4den.<\/li>\n<\/ol>\n","protected":false},"featured_media":10232,"template":"","meta":[],"product_brand":[],"product_cat":[64,68,76],"product_tag":[154],"class_list":{"0":"post-10222","1":"product","2":"type-product","3":"status-publish","4":"has-post-thumbnail","6":"product_cat-logoprodukte","7":"product_cat-bestof","8":"product_cat-zubehoer","9":"product_tag-strawberry-tour","10":"product_shipping_class-versandtasche-leicht","11":"pa_farbe-grundfarben1-basis-gelb","12":"pa_farbe-grundfarben1-basis-weiss","13":"pa_farbe-grundfarben1-basis-pink","14":"pa_verpackungundeinheiten-8er-packung","15":"pa_verpackungundeinheiten-4er-packung","17":"first","18":"instock","19":"sale","20":"shipping-taxable","21":"purchasable","22":"product-type-variable"},"bundled_by":[],"bundle_stock_status":"instock","bundle_stock_quantity":null,"bundle_virtual":false,"bundle_layout":"","bundle_add_to_cart_form_location":"","bundle_editable_in_cart":false,"bundle_sold_individually_context":"","bundle_item_grouping":"","bundle_min_size":"","bundle_max_size":"","bundle_price":[],"bundled_items":[],"bundle_sell_ids":[],"exclude_global_add_ons":[],"addons":[],"_links":{"self":[{"href":"https:\/\/dev-wordpress1.golf-direkt.com\/en\/wp-json\/wp\/v2\/product\/10222","targetHints":{"allow":["GET"]}}],"collection":[{"href":"https:\/\/dev-wordpress1.golf-direkt.com\/en\/wp-json\/wp\/v2\/product"}],"about":[{"href":"https:\/\/dev-wordpress1.golf-direkt.com\/en\/wp-json\/wp\/v2\/types\/product"}],"wp:featuredmedia":[{"embeddable":true,"href":"https:\/\/dev-wordpress1.golf-direkt.com\/en\/wp-json\/wp\/v2\/media\/10232"}],"wp:attachment":[{"href":"https:\/\/dev-wordpress1.golf-direkt.com\/en\/wp-json\/wp\/v2\/media?parent=10222"}],"wp:term":[{"taxonomy":"product_brand","embeddable":true,"href":"https:\/\/dev-wordpress1.golf-direkt.com\/en\/wp-json\/wp\/v2\/product_brand?post=10222"},{"taxonomy":"product_cat","embeddable":true,"href":"https:\/\/dev-wordpress1.golf-direkt.com\/en\/wp-json\/wp\/v2\/product_cat?post=10222"},{"taxonomy":"product_tag","embeddable":true,"href":"https:\/\/dev-wordpress1.golf-direkt.com\/en\/wp-json\/wp\/v2\/product_tag?post=10222"}],"curies":[{"name":"wp","href":"https:\/\/api.w.org\/{rel}","templated":true}]}}