{"id":10214,"date":"2021-05-25T14:59:08","date_gmt":"2021-05-25T12:59:08","guid":{"rendered":"https:\/\/shop.golf-direkt.com\/?post_type=product&#038;p=10214"},"modified":"2026-03-18T18:16:23","modified_gmt":"2026-03-18T17:16:23","slug":"dutzend-golfbaelle-srixon-ad333-strawberry-tour-logo","status":"publish","type":"product","link":"https:\/\/dev-wordpress1.golf-direkt.com\/en\/shop\/merchandise-en\/dutzend-golfbaelle-srixon-ad333-strawberry-tour-logo\/","title":{"rendered":"Dutzend Golfb\u00e4lle Srixon AD333 &#8211; Strawberry Tour"},"content":{"rendered":"<p>Die AD333 liefern eine ausgewogene Performance f\u00fcr Golfer, die au\u00dfergew\u00f6hnliche Weiten erwarten \u2013 ein Premium-Golfball mit niedriger Kompression, der besseres Gef\u00fchl und Kontrolle am Gr\u00fcn erm\u00f6glicht. Seine Ionomer-Schale weist dieselbe &#8220;SpinSkin with SeRM Technologie&#8221; auf, welche auch auf der Tour-erprobten Z-STAR Serie zum Einsatz kommt.<\/p>\n<p><strong>FastLayer Core<\/strong>: Beginnt weich in der Mitte und wird nach und nach fester rund um den Au\u00dfenrand. Die Vorteile: maximale Distanz, schnellere Ballgeschwindigkeiten und weicheres Gef\u00fchl.<\/p>\n<p><strong>338 Speed Dimple Pattern<\/strong>: Weniger Luftwiderstand und mehr Auftrieb verbessern allgemein die Distanz und Genauigkeit, sogar bei schwierigen Windverh\u00e4ltnissen. Die Vorteile: Durchdringender Ballflug, verbesserte Distanz, bessere Best\u00e4ndigkeit und Kontrolle im Wind.<\/p>\n<p><strong>Spin Skin with SeRM<\/strong>: Die Beschichtung mit flexiblen Molek\u00fclverbindungen gr\u00e4bt sich tief in die Kerben von Wedges und Irons und erh\u00f6ht den Spin f\u00fcr mehr Kontrolle. Die Vorteile: Maximaler Spin, verbesserte Gr\u00fcnkontrolle, mehr Bremsverm\u00f6gen.<\/p>\n<ul>\n<li>Farbe: Wei\u00df<\/li>\n<li>Aufbau: 2-piece<\/li>\n<li>Schale: Ionomer<\/li>\n<li>Schalenst\u00e4rke: 1,45 mm<\/li>\n<li>Kompression: 72<\/li>\n<li>Dellenanzahl: 338<\/li>\n<\/ul>\n<p>\u00bb <a href=\"https:\/\/eu.dunlopsports.com\/srixon\/balls\/ad333-series\/ad333\/ad333-golf-balls\/10314240-1.html\" target=\"_blank\" rel=\"noopener\">Link zum Hersteller<\/a><\/p>\n<p>&nbsp;<\/p>\n","protected":false},"excerpt":{"rendered":"<p>Der AD333 von Srixon liefert eine ausgewogene Performance f\u00fcr Golfer, die au\u00dfergew\u00f6hnliche Weiten erwarten \u2013 ein Premium-Golfball mit niedriger Kompression, der besseres Gef\u00fchl und Kontrolle am Gr\u00fcn erm\u00f6glicht. Farbe: Wei\u00df, mit Strawberry Tour Logo.<\/p>\n","protected":false},"featured_media":10216,"template":"","meta":[],"product_brand":[],"product_cat":[64],"product_tag":[148,154,540],"class_list":{"0":"post-10214","1":"product","2":"type-product","3":"status-publish","4":"has-post-thumbnail","6":"product_cat-logoprodukte","7":"product_tag-golfball","8":"product_tag-strawberry-tour","9":"product_tag-srixon","10":"product_shipping_class-paket-klein","12":"first","13":"instock","14":"sale","15":"shipping-taxable","16":"purchasable","17":"product-type-simple"},"bundled_by":[],"bundle_stock_status":"instock","bundle_stock_quantity":11,"bundle_virtual":false,"bundle_layout":"","bundle_add_to_cart_form_location":"","bundle_editable_in_cart":false,"bundle_sold_individually_context":"","bundle_item_grouping":"","bundle_min_size":"","bundle_max_size":"","bundle_price":[],"bundled_items":[],"bundle_sell_ids":[],"exclude_global_add_ons":[],"addons":[],"_links":{"self":[{"href":"https:\/\/dev-wordpress1.golf-direkt.com\/en\/wp-json\/wp\/v2\/product\/10214","targetHints":{"allow":["GET"]}}],"collection":[{"href":"https:\/\/dev-wordpress1.golf-direkt.com\/en\/wp-json\/wp\/v2\/product"}],"about":[{"href":"https:\/\/dev-wordpress1.golf-direkt.com\/en\/wp-json\/wp\/v2\/types\/product"}],"wp:featuredmedia":[{"embeddable":true,"href":"https:\/\/dev-wordpress1.golf-direkt.com\/en\/wp-json\/wp\/v2\/media\/10216"}],"wp:attachment":[{"href":"https:\/\/dev-wordpress1.golf-direkt.com\/en\/wp-json\/wp\/v2\/media?parent=10214"}],"wp:term":[{"taxonomy":"product_brand","embeddable":true,"href":"https:\/\/dev-wordpress1.golf-direkt.com\/en\/wp-json\/wp\/v2\/product_brand?post=10214"},{"taxonomy":"product_cat","embeddable":true,"href":"https:\/\/dev-wordpress1.golf-direkt.com\/en\/wp-json\/wp\/v2\/product_cat?post=10214"},{"taxonomy":"product_tag","embeddable":true,"href":"https:\/\/dev-wordpress1.golf-direkt.com\/en\/wp-json\/wp\/v2\/product_tag?post=10214"}],"curies":[{"name":"wp","href":"https:\/\/api.w.org\/{rel}","templated":true}]}}