{"id":45,"date":"2013-09-30T11:36:07","date_gmt":"2013-09-30T09:36:07","guid":{"rendered":"http:\/\/localhost\/wpshop-live-1\/privacy-policy\/"},"modified":"2026-03-16T19:00:17","modified_gmt":"2026-03-16T18:00:17","slug":"privacy-policy","status":"publish","type":"page","link":"https:\/\/dev-wordpress1.golf-direkt.com\/en\/privacy-policy\/","title":{"rendered":"Privacy Policy"},"content":{"rendered":"<p>Thank you for your interest in our website. The protection of your privacy is important to us. Please read the following text for more information on how we process your data:<\/p>\n<p><strong>Personal data. Elicitation, processing and usage of personal data<br \/>\n<\/strong><\/p>\n<p>Sie k\u00f6nnen unsere Seite besuchen, ohne Angaben zu Ihrer Person zu machen. Wir speichern lediglich Zugriffsdaten ohne Personenbezug wie z. B. den Namen Ihres Internet Service Providers, die Seite, von der aus Sie uns besuchen oder den Namen der angeforderten Datei.<br \/>\nDiese Daten werden ausschlie\u00dflich zur Verbesserung unseres Angebotes ausgewertet und erlauben keinen R\u00fcckschluss auf Ihre Person. Personenbezogene Daten werden nur erhoben, wenn Sie uns diese im Rahmen Ihrer Warenbestellung oder bei Er\u00f6ffnung eines Kundenkontos oder Registrierung f\u00fcr unseren Newsletter freiwillig mitteilen. Wir verwenden die von ihnen mitgeteilten Daten ohne Ihre gesonderte Einwilligung ausschlie\u00dflich zur Erf\u00fcllung und Abwicklung Ihrer Bestellung. Mit vollst\u00e4ndiger Abwicklung des Vertrages und vollst\u00e4ndiger Kaufpreiszahlung werden Ihre Daten f\u00fcr die weitere Verwendung gesperrt und nach Ablauf der steuer- und unternehmensrechtlichen Aufbewahrungsfristen gel\u00f6scht, sofern Sie nicht ausdr\u00fccklich in die weitere Nutzung Ihrer Daten eingewilligt haben. Bei Anmeldung zum Newsletter wird Ihre E-Mail Adresse f\u00fcr eigene Werbezwecke genutzt, bis Sie sich vom Newsletter abmelden. Die Abmeldung ist jederzeit m\u00f6glich.<\/p>\n<p><strong>Usage of Cookies<\/strong><\/p>\n<p>Auf verschiedenen Seiten verwenden wir Cookies, um den Besuch unserer Website attraktiv zu gestalten und die Nutzung bestimmter Funktionen zu erm\u00f6glichen. Hierbei handelt es sich um kleine Textdateien, die auf Ihrem Rechner abgelegt werden. Die meisten der von uns verwendeten Cookies werden nach Ende der Browser-Sitzung wieder von Ihrer Festplatte gel\u00f6scht (sog. Sitzung-Cookies). Diese Cookies dienen der Begr\u00fc\u00dfung mit Ihrem Benutzernamen und er\u00fcbrigen Ihnen bei Folgebestellungen die erneute Eingabe Ihres Passwortes oder das Ausf\u00fcllen von Formularen mit Ihren Daten. Unseren Partnerunternehmen ist es nicht gestattet, \u00fcber unsere Website personenbezogene Daten mittels Cookies zu erheben, zu verarbeiten oder zu nutzen.<\/p>\n<p><strong>Disclosure of personal data<br \/>\n<\/strong><\/p>\n<p>Eine Weitergabe Ihrer Daten erfolgt an das mit der Lieferung beauftragte Versandunternehmen, soweit dies zur Lieferung der Waren notwendig ist. Zur Abwicklung von Zahlungen geben wir Ihre Zahlungsdaten an das mit der Zahlung beauftragte Kreditinstitut weiter.<\/p>\n<p>Auskunftsrecht: Nach dem Datenschutzgesetz haben Sie ein Recht auf unentgeltliche Auskunft \u00fcber Ihre gespeicherten Daten sowie ggf. ein Recht auf Richtigstellung und L\u00f6schung dieser Daten.<\/p>\n<p><strong>Contact person: <\/strong>Thomas Neuner, Hatschekstra\u00dfe 1, A-4020 Linz; E-Mail office@golf-direkt.com<\/p>\n","protected":false},"excerpt":{"rendered":"<p>Thank you for your interest in our website. The protection of your privacy is important to us. Please read the following text for more information on how we process your data: Personal data. Elicitation, processing and usage of personal data Sie k\u00f6nnen unsere Seite besuchen, ohne Angaben zu Ihrer Person zu machen. Wir speichern lediglich [&hellip;]<\/p>\n","protected":false},"author":5,"featured_media":0,"parent":0,"menu_order":3,"comment_status":"closed","ping_status":"closed","template":"","meta":{"footnotes":""},"class_list":["post-45","page","type-page","status-publish","hentry"],"_links":{"self":[{"href":"https:\/\/dev-wordpress1.golf-direkt.com\/en\/wp-json\/wp\/v2\/pages\/45","targetHints":{"allow":["GET"]}}],"collection":[{"href":"https:\/\/dev-wordpress1.golf-direkt.com\/en\/wp-json\/wp\/v2\/pages"}],"about":[{"href":"https:\/\/dev-wordpress1.golf-direkt.com\/en\/wp-json\/wp\/v2\/types\/page"}],"author":[{"embeddable":true,"href":"https:\/\/dev-wordpress1.golf-direkt.com\/en\/wp-json\/wp\/v2\/users\/5"}],"replies":[{"embeddable":true,"href":"https:\/\/dev-wordpress1.golf-direkt.com\/en\/wp-json\/wp\/v2\/comments?post=45"}],"version-history":[{"count":1,"href":"https:\/\/dev-wordpress1.golf-direkt.com\/en\/wp-json\/wp\/v2\/pages\/45\/revisions"}],"predecessor-version":[{"id":21243,"href":"https:\/\/dev-wordpress1.golf-direkt.com\/en\/wp-json\/wp\/v2\/pages\/45\/revisions\/21243"}],"wp:attachment":[{"href":"https:\/\/dev-wordpress1.golf-direkt.com\/en\/wp-json\/wp\/v2\/media?parent=45"}],"curies":[{"name":"wp","href":"https:\/\/api.w.org\/{rel}","templated":true}]}}