{"id":39,"date":"2013-09-30T11:36:07","date_gmt":"2013-09-30T09:36:07","guid":{"rendered":"http:\/\/localhost\/wpshop-live-1\/general-business-terms\/"},"modified":"2026-03-16T19:00:14","modified_gmt":"2026-03-16T18:00:14","slug":"general-business-terms","status":"publish","type":"page","link":"https:\/\/dev-wordpress1.golf-direkt.com\/en\/general-business-terms\/","title":{"rendered":"Business Terms"},"content":{"rendered":"<p>Allgemeine Gesch\u00e4ftsbedingungen (AGB)<\/p>\n<p><strong>der Golf Direkt, Marketing- und Betriebsgesellschaft mit beschr\u00e4nkter Haftung<\/strong><\/p>\n<h1>I. Allgemeine Bestimmungen<\/h1>\n<p>\u00a71 Die Golf Direkt, Marketing- und Betriebsgesellschaft mbH (im folgenden Schriftst\u00fcck kurz \u201eGolf Direkt\u201c genannt) tritt als Vermittler von Golfmitgliedschaften, Golfkursen, Greenfees und anderen Golfprodukten auf.<\/p>\n<p>\u00a72 Die Allgemeinen Gesch\u00e4ftsbedingungen von Golf Direkt gelten als Grundlage f\u00fcr alle Gesch\u00e4fte, die unter Beteiligung von Golf Direkt abgewickelt werde, wobei die jeweils neueste Version der AGB die vorherigen Versionen ersetzt.<\/p>\n<p>\u00a73 Unser Vertragspartner stimmt zu, dass im Falle der Verwendung von AGB durch ihn, im Zweifel von unseren Bedingungen auszugehen ist, auch wenn die Bedingungen des Vertragspartners unwidersprochen bleiben.<\/p>\n<p>\u00a74 Vertragserf\u00fcllungshandlungen unsererseits gelten insofern nicht als Zustimmung zu von unseren Bedingungen abweichenden Vertragsbedingungen. Verbleiben bei der Vertragsauslegung dennoch Unklarheiten, so sind diese in der Weise auszur\u00e4umen, dass jene Inhalte als vereinbart gelten, die \u00fcblicherweise in vergleichbaren F\u00e4llen vereinbart werden.<\/p>\n<p>\u00a75 Das von Golf Direkt zur Verf\u00fcgung gestellte Internetservice (dabei handelt es sich um die Webseiten von golf-direkt.com) dienen somit der Vertragsanbahnung und stellen kein rechtlich bindendes Angebot, sondern eine Aufforderung zur Bestellung dar. Irrt\u00fcmer vorbehalten. Drittanbieter k\u00f6nnen ihre Produkte und Dienstleistungen auf den Webseiten von Golf Direkt einer breiten \u00d6ffentlichkeit anbieten.<\/p>\n<p>\u00a76 Durch Anklicken des Buttons &#8220;Kaufen&#8221; geben Sie eine verbindliches Kaufangebot ab. Dieses Kaufangebot wird automatisch mit der ersten Best\u00e4tigungsmail (&#8220;Auftragsbest\u00e4tigung&#8221;) angenommen.<\/p>\n<p>\u00a77 Golf Direkt gew\u00e4hrt es somit Drittanbietern, ihre Produkte und Dienstleistungen auf der Webseite von golf-direkt.com zu pr\u00e4sentieren und zu verkaufen. Dabei ist zu beachten, dass Golf Direkt als Anbieter dieser Webseiten die notwendigen Transaktionen durchf\u00fchrt, jedoch nicht als Verk\u00e4ufer oder K\u00e4ufer der Produkte, beziehungsweise als Auftraggeber oder Auftragnehmer der beworbenen Dienstleistungen, auftritt. Der Kaufvertrag beziehungsweise der Dienstleistungsvertrag kommt in der Folge zwischen K\u00e4ufer und Verk\u00e4ufer beziehungsweise Auftraggeber und Auftragnehmer zustande. Golf Direkt wird nicht Vertragspartner. In der Folge k\u00f6nnen alle vertraglichen Anspr\u00fcche insbesondere der Schlechterf\u00fcllung, der Gew\u00e4hrleistung, usw. nicht gegen\u00fcber Golf Direkt geltend gemacht werden.<\/p>\n<p>\u00a78 Beachten Sie diesbez\u00fcglich, dass in den Gesch\u00e4ften mit den Drittanbietern, deren allgemeinen Gesch\u00e4ftsbedingungen beziehungsweise deren Vereinsstatuten dem Vertrag zugrunde liegen k\u00f6nnen. Grunds\u00e4tzlich haben Sie die M\u00f6glichkeit diese Informationen auf der Webpage des Drittanbieters einzusehen, ansonsten sind Ihnen diese in anderer Form zug\u00e4nglich zu machen.<\/p>\n<p>\u00a79 Die auf den Webseiten von Golf Direkt ersichtlichen Informationen werden von den Drittanbietern zur Verf\u00fcgung gestellt. Eine Haftung f\u00fcr den Inhalt, vor allem der Richtigkeit des Angebots, haftet, au\u00dfer in F\u00e4llen grober Fahrl\u00e4ssigkeit, ausschlie\u00dflich der Drittanbieter. Golf Direkt trifft keine Verpflichtung die gegeben Informationen zu kontrollieren und auf ihre Richtigkeit zu \u00fcberpr\u00fcfen.<\/p>\n<p>\u00a710 Die Leistung des Entgelts, aus dem entsprechenden Vertragsverh\u00e4ltnis, hat ausschlie\u00dflich an Golf Direkt und im Voraus zu erfolgen. Die Abrechnung zwischen den Drittanbieter und Golf Direkt erfolgt aufgrund individuell getroffener Vereinbarung.<\/p>\n<p>\u00a711 Vertrags, Bestell- und Gesch\u00e4ftssprache ist Deutsch.<\/p>\n<h2>1.1 Belehrung \u00fcber das R\u00fccktrittsrecht<\/h2>\n<p>R\u00fccktrittsrecht des Verbrauchers gem\u00e4\u00df \u00a7\u00a7 5e ff Konsumentenschutzgesetz (KSchG):<\/p>\n<p><strong>R\u00fccktrittsrecht und R\u00fccktrittsfrist:<\/strong><\/p>\n<p>\u00a712 Der Verbraucher im Sinne des \u00a7 1 Konsumentenschutzgesetz (KSchG), somit eine Person, f\u00fcr die das Gesch\u00e4ft nicht zum Betrieb ihres Unternehmens geh\u00f6rt, kann von einem im Fernabsatz geschlossenen Vertrag oder einer im Fernabsatz abgegebenen Vertragserkl\u00e4rung ohne Angabe von Gr\u00fcnden zur\u00fccktreten. Die R\u00fccktrittsfrist betr\u00e4gt 14 Tage. Es gen\u00fcgt, wenn die R\u00fccktrittserkl\u00e4rung innerhalb der Frist abgesendet wird. Die Frist beginnt bei Vertr\u00e4gen \u00fcber die Lieferung von Waren mit dem Tag ihres Eingangs beim Verbraucher, bei Vertr\u00e4gen \u00fcber die Erbringung von Dienstleistungen mit dem Tag des Vertragsabschlusses zu laufen.<\/p>\n<p>Der R\u00fccktritt ist schriftlich (Brief, E-Mail, Telefax) zu richten an:<\/p>\n<p>Golf Direkt Marketing und Betriebsgesellschaft mbH<br \/>\nHatschekstra\u00dfe 1, 4020 Linz, \u00d6sterreich<br \/>\nFax: +43 (0) 732 600 800-80<br \/>\nE-Mail: office@golf-direkt.com<\/p>\n<p>\u00a713 Der Verbraucher hat kein R\u00fccktrittsrecht bei Vertr\u00e4gen \u00fcber Dienstleistungen, mit deren Ausf\u00fchrung dem Verbraucher gegen\u00fcber vereinbarungsgem\u00e4\u00df innerhalb von sieben Werktagen ab Vertragsabschlu\u00df begonnen wird, \u00fcber Waren, die nach Kundenspezifikationen angefertigt werden, die eindeutig auf die pers\u00f6nlichen Bed\u00fcrfnisse zugeschnitten sind, \u00fcber Audio- oder Videoaufzeichnungen oder Software, sofern die gelieferten Sachen vom Verbraucher entsiegelt worden sind, \u00fcber Zeitungen, Zeitschriften und Illustrierte mit Ausnahme von Vertr\u00e4gen \u00fcber periodische Druckschriften oder \u00fcber Freizeit-Dienstleistungen.<\/p>\n<p><strong>R\u00fccktrittsfolgen und Kostentragung:<\/strong><\/p>\n<p>\u00a714 Macht der Verbraucher von seinem R\u00fccktrittsrecht Gebrauch, sind die bereits empfangenen Leistungen Zug um Zug zur\u00fcckzustellen. Der Unternehmer hat die vom Verbraucher geleisteten Zahlungen zu erstatten und den vom Verbraucher auf die Sache gemachten notwendigen und n\u00fctzlichen Aufwand zu ersetzen. Der Verbraucher hat die empfangenen Leistungen zur\u00fcckzustellen und dem Unternehmer ein angemessenes Entgelt f\u00fcr die Ben\u00fctzung, einschlie\u00dflich einer Entsch\u00e4digung f\u00fcr eine damit verbundene Minderung des gemeinen Wertes der Leistung, zu zahlen, wobei die \u00dcbernahme der Leistungen in die Gewahrsame des Verbrauchers f\u00fcr sich allein nicht als Wertminderung anzusehen ist. Der Verbraucher hat nur die unmittelbaren Kosten der R\u00fccksendung zu bezahlen.<\/p>\n<h2>1.2 Wertsicherungsklausel<\/h2>\n<p>\u00a715 Es wird ausdr\u00fccklich Wertbest\u00e4ndigkeit der Forderung samt Nebenforderungen vereinbart. Als Ma\u00df der Berechnung der Wertbest\u00e4ndigkeit dient der vom \u00f6sterreichischen statistischen Zentralamt monatlich verlautbarte Verbraucherpreisindex oder einer an seine Stelle tretende Index.<\/p>\n<p>\u00a716 Als Bezugsgr\u00f6\u00dfe f\u00fcr diesen Vertrag dient die f\u00fcr den Monat des Vertragsabschlusses errechnete Indexzahl. Schwankungen der Indexzahl nach oben oder unten bis ausschlie\u00dflich 2% bleiben unber\u00fccksichtigt und werden erst bei \u00dcberschreiten dieses Spielraumes in vollem Ausma\u00df in Rechnung gestellt. Dieser Spielraum ist bei jedem \u00dcberschreiten nach oben oder unten neu zu berechnen, wobei stets die erste au\u00dferhalb des jeweils geltenden Spielraums gelegene Indexzahl die Grundlage sowohl f\u00fcr Neufestsetzung des Forderungsbetrages als auch f\u00fcr die Berechnung des neuen Spielraums zu bilden hat. Die sich so ergebenden Betr\u00e4ge sind auf eine Dezimalstelle kaufm\u00e4nnisch zu runden.<\/p>\n<p>\u00a717 Sofern es sich um ein Verbrauchergesch\u00e4ft handelt, werden jedenfalls w\u00e4hrend der ersten zwei Monate ab Vertragsabschluss keine Preisver\u00e4nderungen \u2013 es sei denn, diese wurden im Einzelnen ausdr\u00fccklich ausgehandelt \u2013 in Rechnung gestellt.<\/p>\n<h2>1.3 Zahlungsbedingungen<\/h2>\n<p>\u00a718 Der K\u00e4ufer verpflichtet sich zur vollst\u00e4ndigen Bezahlung des Kaufpreises bereits bei Vertragsabschluss.<\/p>\n<p>\u00a719 Die Zahlung ist nur dann als rechtzeitig erfolgt anzusehen, wenn der Betrag am F\u00e4lligkeitstag eingelangt bzw. unserem Konto gutgeschrieben wurde.<\/p>\n<p>\u00a720 Wenn der K\u00e4ufer auch nur eine Teilzahlung nicht innerhalb der f\u00fcr einen Skontoabzug vereinbarten Zahlungsfrist erbringt, verliert er seinen Skontoanspruch nicht nur hinsichtlich dieser Teilzahlung, sondern auch hinsichtlich aller bereits geleisteten oder erst sp\u00e4ter zu erbringenden Teilzahlungen.<\/p>\n<h2>1.4 Verzugszinsen<\/h2>\n<p>\u00a721 Selbst bei unverschuldetem Zahlungsverzug des K\u00e4ufers sind wir berechtigt, Verzugszinsen in der H\u00f6he von 10 % \u00fcber dem Basiszinssatz j\u00e4hrlich zu verrechnen; hierdurch werden Anspr\u00fcche auf Ersatz nachgewiesener h\u00f6herer Zinsen nicht beeintr\u00e4chtigt.<\/p>\n<h2>1.5 Transport \u2013 Gefahrtragung<\/h2>\n<p>\u00a722 Mangels ausdr\u00fccklicher gegenteiliger Vereinbarung tr\u00e4gt die Kosten und das Risiko des Transportes bei Lieferungen unser Vertragspartner.<\/p>\n<h2>1.6 Eigentumsvorbehalt<\/h2>\n<p>\u00a723 Die Ware bleibt bis zur vollst\u00e4ndigen Bezahlung des Kaufpreises und aller Kosten und Spesen unser Eigentum. Eine Weiterver\u00e4u\u00dferung ist nur zul\u00e4ssig, wenn uns diese rechtzeitig vorher unter Anf\u00fchrung des Namens bzw. der Firma und der genauen Gesch\u00e4ftsanschrift des K\u00e4ufers bekannt gegeben wurde und wir der Ver\u00e4u\u00dferung zustimmen. Im Falle unserer Zustimmung gilt die Kaufpreisforderung als an uns abgetreten und sind wir jederzeit befugt, den Drittschuldner von dieser Abtretung zu verst\u00e4ndigen. Im Falle einer Mehrzahl von Forderungen unsererseits, werden Zahlungen des Schuldners prim\u00e4r jenen unserer Forderungen zugerechnet, die nicht (mehr) durch einen Eigentumsvorbehalt oder andere Sicherungsmittel gesichert sind.<\/p>\n<p>\u00a724 Im Falle des auch nur teilweisen Zahlungsverzuges stimmt der K\u00e4ufer schon jetzt zu, dass wir die Ware auf seine Kosten jederzeit abholen k\u00f6nnen.<\/p>\n<p>\u00a725 Im Falle des Verzuges sind wir berechtigt, unsere Rechte aus dem Eigentumsvorbehalt geltend zu machen. Es wird vereinbart, dass in der Geltendmachung des Eigentumsvorbehalts kein R\u00fccktritt vom Vertrag liegt, au\u00dfer, wir erkl\u00e4ren den R\u00fccktritt vom Vertrag ausdr\u00fccklich.<\/p>\n<h2>1.7 Erf\u00fcllungsort<\/h2>\n<p>\u00a726 Erf\u00fcllungsort ist sowohl f\u00fcr unsere Leistung als auch die Gegenleistung der Sitz von Golf Direkt, 4020 Linz, Hatschekstra\u00dfe 1.<\/p>\n<h2>1.8 Annahmeverzug<\/h2>\n<p>\u00a727 Befindet sich unser Vertragspartner in Annahmeverzug, sind wir berechtigt, entweder die Ware bei uns einzulagern, wof\u00fcr wir eine Lagergeb\u00fchr von \u20ac 5 pro angefangenem Kalendertag in Rechnung stellen und gleichzeitig auf Vertragserf\u00fcllung bestehen oder nach Setzung einer angemessenen Nachfrist vom Vertrag zur\u00fcckzutreten und die Ware anderweitig zu verwerten.<\/p>\n<h2>1.9 Gew\u00e4hrleistung<\/h2>\n<p>\u00a728 Abgesehen von jenen F\u00e4llen, in denen von Gesetzes wegen das Recht auf Wandlung zusteht, behalten wir uns vor, den Gew\u00e4hrleistungsanspruch nach unserer Wahl durch Verbesserung, Austausch oder Preisminderung zu erf\u00fcllen.<\/p>\n<p>\u00a729 Der \u00dcbernehmer hat stets zu beweisen, dass der Mangel zum \u00dcbergabezeitpunkt bereits vorhanden war.<\/p>\n<p>\u00a730 Die Ware ist nach der Ablieferung unverz\u00fcglich zu untersuchen. Dabei festgestellte M\u00e4ngel sind ebenso unverz\u00fcglich, sp\u00e4testens aber innerhalb von 7 Tagen nach Ablieferung unter Bekanntgabe von Art und Umfang des Mangels dem Verk\u00e4ufer bekannt zu geben.<\/p>\n<p>\u00a731 Verdeckte M\u00e4ngel sind unverz\u00fcglich nach ihrer Entdeckung zu r\u00fcgen. Wird eine M\u00e4ngelr\u00fcge nicht oder nicht rechtzeitig erhoben, so gilt die Ware als genehmigt. Die Geltendmachung von Gew\u00e4hrleistungs- oder Schadenersatzanspr\u00fcchen sowie das Recht auf Irrtumsanfechtung aufgrund von M\u00e4ngeln, sind in diesen F\u00e4llen ausgeschlossen.<\/p>\n<p>\u00a732 Die Gew\u00e4hrleistungsfrist betr\u00e4gt f\u00fcr bewegliche Sachen 6 Monate, f\u00fcr unbewegliche Sachen 2 Jahre ab Lieferung\/Leistung.<\/p>\n<h2>1.10 Regressanspruch gem. \u00a7 933b ABGB<\/h2>\n<p>\u00a733 Der Regressanspruch gem. \u00a7 933b ABGB ist ausgeschlossen.<\/p>\n<h2>1.11 Schadenersatz<\/h2>\n<p>\u00a734 Abgesehen von Personensch\u00e4den haften wir nur, wenn uns vom Gesch\u00e4digten grobe Fahrl\u00e4ssigkeit nachgewiesen wird.<\/p>\n<h2>1.12 Produkthaftung<\/h2>\n<p>\u00a735 Allf\u00e4llige Regressforderungen, die Vertragspartner oder Dritte aus dem Titel \u201eProdukthaftung\u201c iSd PHG gegen uns richten, sind ausgeschlossen, es sei denn, der Regressberechtigte weist nach, dass der Fehler in unserer Sph\u00e4re verursacht und zumindest grob fahrl\u00e4ssig verschuldet worden ist.<\/p>\n<h2>1.13 Aufrechnung<\/h2>\n<p>\u00a736 Eine Aufrechnung gegen unsere Anspr\u00fcche mit Gegenforderungen, welcher Art auch immer, ist ausgeschlossen.<\/p>\n<h2>1.14 Leistungsverweigerungsverbote und Zur\u00fcckbehaltungsverbote<\/h2>\n<p>\u00a737 Gerechtfertigte Reklamationen berechtigen nicht zur Zur\u00fcckhaltung des gesamten, sondern lediglich eines angemessenen Teiles des Rechnungsbetrages.<\/p>\n<h2>1.15 Formvorschriften<\/h2>\n<p>\u00a738 S\u00e4mtliche Vereinbarungen, nachtr\u00e4gliche \u00c4nderungen, Erg\u00e4nzungen, Nebenabreden usw. bed\u00fcrfen zu ihrer G\u00fcltigkeit der Schriftform, somit auch der Originalunterschrift oder der sicheren elektronischen Signatur.<\/p>\n<p>\u00a739 An uns gerichtete Erkl\u00e4rungen, Anzeigen, etc. \u2013 ausgenommen M\u00e4ngelanzeigen \u2013 bed\u00fcrfen zu ihrer Rechtswirksamkeit der Schriftform, somit auch der Originalunterschrift oder der sicheren elektronischen Signatur.<\/p>\n<h1>II. Spezielle Bestimmungen<\/h1>\n<h2>2.1 Golfmitgliedschaften<\/h2>\n<p>\u00a740 Der jeweilige Verein (\u201eGolfclub\u201c) hat mit Golf Direkt eine Nutzungsvereinbarung abgeschlossen. Eine Nutzung der betreffenden Anlage darf stets nur nach Ma\u00dfgabe des Inhaltes der besagten Vereinbarungen erfolgen. Die entsprechende Spiel- und Benutzungsordnung ist beim Verein einzusehen bzw. bei diesem einzuholen.<\/p>\n<p>\u00a741 Die Mitgliedschaft setzt einen ordnungsgem\u00e4\u00df ausgef\u00fcllten Mitgliedsantrag, die Genehmigung der Aufnahme durch den Vorstand und die vollst\u00e4ndige Bezahlung des Mitgliedbeitrages voraus. Auf die Genehmigung durch den Vorstand hat Golf Direkt keinen Einfluss. Die Ablehnung von Aufnahmeantr\u00e4gen bedarf keiner Begr\u00fcndung. Insofern sind unsere Angebote freibleibend.<\/p>\n<p>\u00a742 Die Mitgliedschaft berechtigt das Mitglied je nach gew\u00e4hlter Mitgliedschaft im jeweiligen Verein, zur Benutzung der Anlagen des Vereins, gem\u00e4\u00df dessen Spielrechteordnung. Diese kann jedoch auch kein Nutzungsrechtsrecht vorsehen.<\/p>\n<p>\u00a743 Das Stimmrecht bei den Mitgliederversammlungen richtet sich nach den jeweiligen Vereinsstatuten.<\/p>\n<p>\u00a744 Die Spielberechtigung des Mitglieds setzt die vollst\u00e4ndige Bezahlung der Jahresbeitr\u00e4ge, welche sich aus verschiedenen Teilbetr\u00e4gen gem\u00e4\u00df der Spielrechteordnung zusammensetzen, voraus. Die H\u00f6he dieser Teilbetr\u00e4ge wird durch den jeweiligen Vorstand festgesetzt. Der Verein beh\u00e4lt sich Preis\u00e4nderungen f\u00fcr Mitgliedschaften ausdr\u00fccklich vor. Soweit eine Erh\u00f6hung der Jahresbeitr\u00e4ge erfolgt, welcher \u00fcber eine blo\u00dfe Anpassung im Sinne einer Wertsicherung (VPI 2010) hinausgeht, ist das Mitglied zur K\u00fcndigung innerhalb eines Monats ab Zugang der Bekanntgabe oder Vorschreibung berechtigt.<\/p>\n<p>\u00a745 Das Mitglied ist verpflichtet den Jahresbeitrag binnen 14 Tagen nach Vorschreibung im Voraus zu bezahlen. Werden vorgeschriebene Betr\u00e4ge nicht nach F\u00e4lligkeit beglichen, ist das Mitglied zur Zahlung von 6 % Verzugszinsen sowie der Mahnspesen in H\u00f6he von \u20ac 12,00 je Mahnstufe verpflichtet.<\/p>\n<p>\u00a746 Das Mitglied nimmt zur Kenntnis, dass infolge einer eventuellen Vereinbarung zwischen dem Verein und Golf Direkt, diese zur Einhebung und allenfalls zur Eintreibung der aushaftenden Beitr\u00e4ge beauftragt und berechtigt ist, sodass mit schuldbefreiender Wirkung Beitr\u00e4ge nur an Golf Direkt geleistet werden k\u00f6nnen. Golf Direkt beh\u00e4lt sich jedoch vor dieses Recht an einen Dritten abzutreten. Sofern keine besondere Vereinbarung zwischen dem Golfclub und dem Mitglied hinsichtlich eines einstweiligen Ruhen der Mitgliedschaft getroffen wurde, geht die Mitgliedschaft durch Nichtzahlung der Mitgliedsgeb\u00fchr (inkl. aller Verbandsabgaben) automatisch verloren. Die Verpflichtung zu Zahlung aller f\u00e4llig gewordenen Mitgliedsbeitr\u00e4ge bleibt davon unber\u00fchrt.<\/p>\n<p>\u00a747 Die Mitgliedschaft ist nicht ver\u00e4u\u00dferbar, nicht \u00fcbertragbar und nicht vererbbar. Endet die Mitgliedschaft durch Tod, Austritt oder aus welchen Gr\u00fcnden auch immer, besteht kein Anspruch auf R\u00fcckzahlung bereits bezahlter Beitr\u00e4ge.<\/p>\n<p>\u00a748 Wurde f\u00fcr einen Minderj\u00e4hrigen eine Mitgliedschaft erworben, so endet diese bei \u00dcberschreiten der Altersgrenze von 21 Jahren automatisch. Eine derartige Mitgliedschaft kann bei Erreichen der Vollj\u00e4hrigkeit auch vom Mitglied selbst gek\u00fcndigt werden, jedoch besteht bei Nichtk\u00fcndigung jedenfalls die Verpflichtung zur Bezahlung der Beitr\u00e4ge bis zur oben genannten Altersgrenze ausschlie\u00dflich f\u00fcr die Person, die die Mitgliedschaft f\u00fcr das Mitglied erworben hat.<\/p>\n<p>\u00a749 Jede Mitgliedschaft kann zum Jahresende unter Einhaltung einer zweimonatigen K\u00fcndigungsfrist, mit Wirkung f\u00fcr das folgende Kalenderjahr, von beiden Seiten ohne Angabe von Gr\u00fcnden gek\u00fcndigt werden, sofern keine anders lautende schriftlich nachzuweisende diesbez\u00fcgliche Vereinbarung besteht. Die K\u00fcndigung hat schriftlich an Golf Direkt zu folgen, welche die Administration in organisatorischer und finanzieller Hinsicht bez\u00fcglich der von ihr vermittelten Mitgliedschaften durchf\u00fchrt. F\u00fcr die Rechtzeitigkeit der K\u00fcndigung ist das Datum des Poststempels ma\u00dfgebend. Ist die K\u00fcndigung seitens des Mitgliedes nicht fristgerecht vorgenommen worden, so sind die Beitr\u00e4ge f\u00fcr das Folgejahr zu entrichten. Die nicht fristgerechte K\u00fcndigung gilt automatisch als fristgerechte K\u00fcndigung f\u00fcr das darauf folgende Jahr.<\/p>\n<p>\u00a750 Die Nutzung der Golfanlage erfolgt von allen Spielberechtigten immer auf eigene Gefahr. Der Abschluss einer individuellen Haftpflichtversicherung wird dringen empfohlen. Eltern haften f\u00fcr ihre Kinder. Eine Haftung des Vereins f\u00fcr Sach- und Personensch\u00e4den, die ein Spielberechtigter bei Benutzung der Golfanlagen erleidet oder selbst verursacht, sowie eine Haftung f\u00fcr Verlust und Diebstahl von Eigentum eines Spielberechtigten ist ausdr\u00fccklich ausgeschlossen.<\/p>\n<p>\u00a751 Die Bestimmungen in den Statuten des jeweiligen Vereins gelten f\u00fcr die durch Golf Direkt vermittelten Mitglieder nur insoweit, als diese Bedingungen keine gegenteiligen bzw. damit unvereinbaren Regelungen enthalten. Die Vereine behalten sich \u00c4nderungen dieser Bedingungen vor, wobei allf\u00e4llige \u00c4nderungen f\u00fcr das Mitglied nur dann Geltung erlangen, wenn sie dem Mitglied zur Kenntnis gebracht wurden.<\/p>\n<p>\u00a752 Angebote von Golf Direkt sind freibleibend. Druckfehler, Irrt\u00fcmer und jederzeitige \u00c4nderungen sind vorbehalten.<\/p>\n<h2>2.2 Golfkurse<\/h2>\n<p>\u00a753 Die jeweilige Golfschule bzw. Golfpro (\u201eGolfschule\u201c) hat mit Golf Direkt eine Vermittlungsvereinbarung abgeschlossen. Der Umfang des betreffenden Golfkurses richtet sich stets nach Ma\u00dfgabe des Inhaltes der besagten Vereinbarung.<\/p>\n<p>\u00a754 Der Vertrag zwischen dem Kunden und Golf Direkt \u00fcber den Golfkurs kommt erst mit der Best\u00e4tigung an den Kunden durch die Golfschule bzw. Golfpro zustande. Das R\u00fccktrittsrecht beginnt erst mit dem Tag des Vertragsabschlusses zu laufen.<\/p>\n<p>\u00a755 Tritt der Kursteilnehmer vom Vertrag zur\u00fcck, so fallen etweilige Stornierungskosten der jeweiligen Golfschule bzw. Golfpro an.<\/p>\n<p>\u00a756 Die Teilnahme an den Golfkursen ist auf eigene Gefahr. Eltern haften f\u00fcr ihre Kinder. Eine Haftung von Golf Direkt f\u00fcr Sach- und Personensch\u00e4den, die ein Kursteilnehmer w\u00e4hrend des Kurses auf Golfanlagen erleidet oder selbst verursacht, sowie eine Haftung f\u00fcr Verlust und Diebstahl von Eigentum eines Kursteilnehmers ist ausdr\u00fccklich ausgeschlossen.<\/p>\n<h1>III. Schlussbestimmungen<\/h1>\n<p><strong>3.1 Gerichtstand<\/strong><\/p>\n<p>\u00a757 Es gilt ausschlie\u00dflich \u00f6sterreichisches Recht unter Ausschluss des UN- Kaufrechtes sowie oder IPR- Verweisungsnormen.<\/p>\n<p>\u00a758 Ausschlie\u00dflicher \u00f6rtlicher Gerichtstand ist das sachlich zust\u00e4ndige Gericht in 4020 Linz, \u00d6sterreich.<\/p>\n<p><strong>3.2 Unternehmensdaten<\/strong><\/p>\n<p>Golf Direkt, Marketing- und Betriebsgesellschaft mbH<br \/>\nHatschekstra\u00dfe 1<br \/>\n4020 Linz, Austria<br \/>\nphone: +43 (0) 732 600 800<br \/>\nfax: +43 (0) 732 600 800-80<br \/>\ne-mail: office@golf-direkt.com<br \/>\nweb: www.golf-direkt.com<br \/>\nFirmenbuchnummer: 208504z<br \/>\nUID-Nr.: ATU51902008<br \/>\nKammerzugeh\u00f6rigkeit: Wirtschaftskammer \u00d6sterreich\/Ober\u00f6sterreich<\/p>\n","protected":false},"excerpt":{"rendered":"<p>Allgemeine Gesch\u00e4ftsbedingungen (AGB) der Golf Direkt, Marketing- und Betriebsgesellschaft mit beschr\u00e4nkter Haftung I. Allgemeine Bestimmungen \u00a71 Die Golf Direkt, Marketing- und Betriebsgesellschaft mbH (im folgenden Schriftst\u00fcck kurz \u201eGolf Direkt\u201c genannt) tritt als Vermittler von Golfmitgliedschaften, Golfkursen, Greenfees und anderen Golfprodukten auf. \u00a72 Die Allgemeinen Gesch\u00e4ftsbedingungen von Golf Direkt gelten als Grundlage f\u00fcr alle Gesch\u00e4fte, die [&hellip;]<\/p>\n","protected":false},"author":5,"featured_media":0,"parent":0,"menu_order":1,"comment_status":"closed","ping_status":"closed","template":"","meta":{"footnotes":""},"class_list":["post-39","page","type-page","status-publish","hentry"],"_links":{"self":[{"href":"https:\/\/dev-wordpress1.golf-direkt.com\/en\/wp-json\/wp\/v2\/pages\/39","targetHints":{"allow":["GET"]}}],"collection":[{"href":"https:\/\/dev-wordpress1.golf-direkt.com\/en\/wp-json\/wp\/v2\/pages"}],"about":[{"href":"https:\/\/dev-wordpress1.golf-direkt.com\/en\/wp-json\/wp\/v2\/types\/page"}],"author":[{"embeddable":true,"href":"https:\/\/dev-wordpress1.golf-direkt.com\/en\/wp-json\/wp\/v2\/users\/5"}],"replies":[{"embeddable":true,"href":"https:\/\/dev-wordpress1.golf-direkt.com\/en\/wp-json\/wp\/v2\/comments?post=39"}],"version-history":[{"count":1,"href":"https:\/\/dev-wordpress1.golf-direkt.com\/en\/wp-json\/wp\/v2\/pages\/39\/revisions"}],"predecessor-version":[{"id":21242,"href":"https:\/\/dev-wordpress1.golf-direkt.com\/en\/wp-json\/wp\/v2\/pages\/39\/revisions\/21242"}],"wp:attachment":[{"href":"https:\/\/dev-wordpress1.golf-direkt.com\/en\/wp-json\/wp\/v2\/media?parent=39"}],"curies":[{"name":"wp","href":"https:\/\/api.w.org\/{rel}","templated":true}]}}